{"id":19084,"date":"2024-05-24T15:53:50","date_gmt":"2024-05-24T08:53:50","guid":{"rendered":"https:\/\/gcloudvn.com\/?page_id=19084"},"modified":"2024-06-06T11:56:35","modified_gmt":"2024-06-06T04:56:35","slug":"dang-ky-nhan-gemini-for-google-workspace-handbook","status":"publish","type":"page","link":"https:\/\/gcloudvn.com\/en\/dang-ky-nhan-gemini-for-google-workspace\/","title":{"rendered":"\u0110\u0103ng k\u00fd nh\u1eadn &#8220;Gemini for Google Workspace Handbook&#8221;"},"content":{"rendered":"<section class=\"wpb-content-wrapper\"><div data-vc-full-width=\"true\" data-vc-full-width-init=\"false\" class=\"vc_row wpb_row vc_row-fluid vc_custom_1699840975220 vc_row-o-content-middle vc_row-flex wpex-vc_row-has-fill wpex-vc-row-stretched no-bottom-margins\"><div class=\"wpb_column vc_column_container vc_col-sm-12\"><div class=\"vc_column-inner\"><div class=\"wpb_wrapper\"><div class=\"vc_row wpb_row vc_inner vc_row-fluid vc_row-o-content-middle vc_row-flex\"><div class=\"wpb_column vc_column_container vc_col-sm-6\"><div class=\"vc_column-inner\"><div class=\"wpb_wrapper\"><div class=\"vcex-spacing wpex-w-100 wpex-clear\" style=\"height:20px\"><\/div>\n\t<div class=\"wpb_text_column wpb_content_element  vc_custom_1717649729227\" >\n\t\t<div class=\"wpb_wrapper\">\n\t\t\t<div class=\"elementor-element elementor-element-0f786e2 elementor-widget elementor-widget-heading\" data-id=\"0f786e2\" data-element_type=\"widget\" data-widget_type=\"heading.default\">\n<div class=\"elementor-widget-container\">\n<p class=\"elementor-heading-title elementor-size-default\" style=\"text-align: center;\"><span style=\"color: #ffffff; font-size: 23px;\"><strong><i>\u0110\u0103ng k\u00fd nh\u1eadn ngay Ebook mi\u1ec5n ph\u00ed Gemini  AI for Google Workspace\u00a0<\/i><\/strong><\/span><\/p>\n<\/div>\n<\/div>\n\n\t\t<\/div>\n\t<\/div>\n<div class=\"vcex-spacing wpex-w-100 wpex-clear\" style=\"height:20px\"><\/div>\n\t<div class=\"wpb_text_column wpb_content_element  vc_custom_1717649785434\" >\n\t\t<div class=\"wpb_wrapper\">\n\t\t\t<div class=\"elementor-element elementor-element-0f786e2 elementor-widget elementor-widget-heading\" data-id=\"0f786e2\" data-element_type=\"widget\" data-widget_type=\"heading.default\">\n<div class=\"elementor-widget-container\">\n<p><span style=\"color: #ffffff;\">Gemini l\u00e0 m\u1ed9t trong nh\u1eefng m\u00f4 h\u00ecnh tr\u00ed tu\u1ec7 nh\u00e2n t\u1ea1o th\u00f4ng minh nh\u1ea5t hi\u1ec7n nay \u0111\u01b0\u1ee3c ph\u00e1t tri\u1ec3n b\u1edfi Google, v\u1edbi kh\u1ea3 n\u0103ng x\u1eed l\u00fd ph\u00e2n t\u00edch m\u1ea1nh m\u1ebd c\u00e1c lo\u1ea1i d\u1eef li\u1ec7u v\u0103n b\u1ea3n, h\u00ecnh \u1ea3nh, \u00e2m thanh&#8230; Gemini kh\u00f4ng ch\u1ec9 h\u1ed7 tr\u1ee3 ng\u01b0\u1eddi d\u00f9ng s\u00e1ng t\u1ea1o n\u1ed9i dung nhanh ch\u00f3ng m\u00e0 c\u00f2n th\u00fac \u0111\u1ea9y hi\u1ec7u su\u1ea5t c\u00f4ng vi\u1ec7c, t\u0103ng tr\u01b0\u1edfng doanh thu cho doanh nghi\u1ec7p. \u0110\u1eb7c bi\u1ec7t v\u1edbi s\u1ef1 k\u1ebft h\u1ee3p ho\u00e0n h\u1ea3o c\u1ee7a b\u1ed9 \u0111\u00f4i Gemini AI v\u00e0 b\u1ed9 c\u00f4ng c\u1ee5 \u0111a n\u0103ng Google Workspace h\u1ee9a h\u1eb9n mang \u0111\u1ebfn cho ng\u01b0\u1eddi d\u00f9ng doanh nghi\u1ec7p nh\u1eefng l\u1ee3i \u00edch to l\u1edbn. V\u1eady l\u00e0m th\u1ebf n\u00e0o \u0111\u1ec3 hi\u1ec3u v\u00e0 khai th\u00e1c t\u1ed1i \u0111a hi\u1ec7u qu\u1ea3 Gemini Ai for Google Workspace, tham kh\u1ea3o ngay Ebook mi\u1ec5n ph\u00ed t\u1eeb Gimasys. <\/span><\/p>\n<p><span style=\"color: #ffffff;\">#B\u1ea1n \u0111\u01b0\u1ee3c g\u00ec qua Ebook n\u00e0y:<br \/>\n\ud83d\udccc H\u01b0\u1edbng d\u1eabn chi ti\u1ebft c\u00e1ch s\u1eed d\u1ee5ng Gemini AI hi\u1ec7u qu\u1ea3<br \/>\n\ud83d\udccc Use Case \u1ee9ng d\u1ee5ng Gemini trong quy tr\u00ecnh Sales, Marketing, CSS.<br \/>\n\ud83d\udccc C\u00e1ch Gemini AI gi\u00fap doanh nghi\u1ec7p c\u1eaft gi\u1ea3m chi ph\u00ed v\u00e0 t\u0103ng doanh thu.<br \/>\n\ud83d\udccc C\u00e1ch th\u1ee9c t\u0103ng c\u01b0\u1eddng b\u1ea3o m\u1eadt th\u00f4ng tin d\u1eef li\u1ec7u v\u1edbi Google Workspace .<br \/>\n\ud83d\udccc C\u00e1ch \u0111\u0103ng k\u00fd tr\u1ea3i nghi\u1ec7m Gemini AI <\/span><\/p>\n<\/div>\n<\/div>\n\n\t\t<\/div>\n\t<\/div>\n<\/div><\/div><\/div><div class=\"wpb_column vc_column_container vc_col-sm-6 wpex-vc_col-has-fill\"><div class=\"vc_column-inner vc_custom_1699839937988\"><div class=\"wpb_wrapper\"><div class=\"vcex-spacing wpex-w-100 wpex-clear\" style=\"height:20px\"><\/div><div class=\"vcex-shortcode wpex-clr\">\n<div class=\"wpcf7 no-js\" id=\"wpcf7-f16966-o1\" lang=\"vi\" dir=\"ltr\" data-wpcf7-id=\"16966\">\n<div class=\"screen-reader-response\"><p role=\"status\" aria-live=\"polite\" aria-atomic=\"true\"><\/p> <ul><\/ul><\/div>\n<form action=\"\/en\/wp-json\/wp\/v2\/pages\/19084#wpcf7-f16966-o1\" method=\"post\" class=\"wpcf7-form init\" aria-label=\"Contact form\" novalidate=\"novalidate\" data-status=\"init\" data-trp-original-action=\"\/en\/wp-json\/wp\/v2\/pages\/19084#wpcf7-f16966-o1\">\n<fieldset class=\"hidden-fields-container\"><input type=\"hidden\" name=\"_wpcf7\" value=\"16966\" \/><input type=\"hidden\" name=\"_wpcf7_version\" value=\"6.1.4\" \/><input type=\"hidden\" name=\"_wpcf7_locale\" value=\"vi\" \/><input type=\"hidden\" name=\"_wpcf7_unit_tag\" value=\"wpcf7-f16966-o1\" \/><input type=\"hidden\" name=\"_wpcf7_container_post\" value=\"0\" \/><input type=\"hidden\" name=\"_wpcf7_posted_data_hash\" value=\"\" \/><input type=\"hidden\" name=\"_wpcf7_recaptcha_response\" value=\"\" \/>\n<\/fieldset>\n<div class=\"nhan-tai-lieu\">\n\t<div style=\"padding: 15px 20px; text-align:center; font-size:30px; color:#053c65; font-weight:999\">\n\t\t<p>DOWNLOAD EBOOK\n\t\t<\/p>\n\t<\/div>\n\t<div class=\"wpb_column vc_column_container vc_col-sm-12\" style=\"padding: 0 10px;\">\n\t\t<div class=\"input-item\">\n\t\t\t<p class=\"field\"><span class=\"wpcf7-form-control-wrap\" data-name=\"your-1name\"><input size=\"40\" maxlength=\"400\" class=\"wpcf7-form-control wpcf7-text wpcf7-validates-as-required comm-field\" aria-required=\"true\" aria-invalid=\"false\" placeholder=\"First and last name *\" value=\"\" type=\"text\" name=\"your-1name\" \/><\/span>\n\t\t\t<\/p>\n\t\t<\/div>\n\t<\/div>\n\t<div class=\"wpb_column vc_column_container vc_col-sm-12\" style=\"padding: 0 10px;\">\n\t\t<div class=\"input-item\">\n\t\t\t<p class=\"field\"><span class=\"wpcf7-form-control-wrap\" data-name=\"your-email\"><input size=\"40\" maxlength=\"400\" class=\"wpcf7-form-control wpcf7-email wpcf7-validates-as-required wpcf7-text wpcf7-validates-as-email comm-field\" aria-required=\"true\" aria-invalid=\"false\" placeholder=\"Email address *\" value=\"\" type=\"email\" name=\"your-email\" \/><\/span>\n\t\t\t<\/p>\n\t\t<\/div>\n\t<\/div>\n\t<div class=\"wpb_column vc_column_container vc_col-sm-12\" style=\"padding: 0 10px;\">\n\t\t<div class=\"input-item\">\n\t\t\t<p class=\"field\"><span class=\"wpcf7-form-control-wrap\" data-name=\"your-company\"><input size=\"40\" maxlength=\"400\" class=\"wpcf7-form-control wpcf7-text wpcf7-validates-as-required comm-field\" aria-required=\"true\" aria-invalid=\"false\" placeholder=\"Company&#039;s name *\" value=\"\" type=\"text\" name=\"your-company\" \/><\/span>\n\t\t\t<\/p>\n\t\t<\/div>\n\t<\/div>\n\t<div class=\"wpb_column vc_column_container vc_col-sm-12\" style=\"padding: 0 10px;\">\n\t\t<div class=\"input-item\">\n\t\t\t<p class=\"field\"><span class=\"wpcf7-form-control-wrap\" data-name=\"your-phone\"><input size=\"40\" maxlength=\"400\" class=\"wpcf7-form-control wpcf7-tel wpcf7-validates-as-required wpcf7-text wpcf7-validates-as-tel comm-field\" aria-required=\"true\" aria-invalid=\"false\" placeholder=\"Phone number *\" value=\"\" type=\"tel\" name=\"your-phone\" \/><\/span>\n\t\t\t<\/p>\n\t\t<\/div>\n\t<\/div>\n\t<div class=\"wpb_column vc_column_container vc_col-sm-12\" style=\"padding: 0 10px;\">\n\t\t<div class=\"input-item\">\n\t\t\t<p class=\"field\"><span class=\"wpcf7-form-control-wrap\" data-name=\"quy-mo\"><select class=\"wpcf7-form-control wpcf7-select lien-he-choose\" aria-invalid=\"false\" name=\"quy-mo\"><option value=\"Quy m\u00f4 doanh nghi\u1ec7p c\u1ee7a b\u1ea1n?\">Size of your business?<\/option><option value=\"1-50\">1-50<\/option><option value=\"51-100\">51-100<\/option><option value=\"101-200\">101-200<\/option><option value=\"201-500\">201-500<\/option><option value=\"500-1000\">500-1000<\/option><option value=\"&gt;1000\">&gt;1000<\/option><\/select><\/span>\n\t\t\t<\/p>\n\t\t<\/div>\n\t<\/div>\n\t<div class=\"wpb_column vc_column_container vc_col-sm-12\" style=\"padding: 0 10px;\">\n\t\t<div class=\"input-item\">\n\t\t\t<p class=\"field\"><span class=\"wpcf7-form-control-wrap\" data-name=\"nhu-cau\"><select class=\"wpcf7-form-control wpcf7-select wpcf7-validates-as-required lien-he-choose\" aria-required=\"true\" aria-invalid=\"false\" name=\"nhu-cau\"><option value=\"C\u00e1c gi\u1ea3i ph\u00e1p b\u1ea1n \u0111ang quan t\u00e2m *\">C\u00e1c gi\u1ea3i ph\u00e1p b\u1ea1n \u0111ang quan t\u00e2m *<\/option><option value=\"Gi\u1ea3i ph\u00e1p h\u1ea1 t\u1ea7ng\">Gi\u1ea3i ph\u00e1p h\u1ea1 t\u1ea7ng<\/option><option value=\"Gi\u1ea3i ph\u00e1p qu\u1ea3n l\u00fd d\u1eef li\u1ec7u\">Gi\u1ea3i ph\u00e1p qu\u1ea3n l\u00fd d\u1eef li\u1ec7u<\/option><option value=\"Gi\u1ea3i ph\u00e1p AI\">Gi\u1ea3i ph\u00e1p AI<\/option><option value=\"Gi\u1ea3i ph\u00e1p Maps Platform\">Gi\u1ea3i ph\u00e1p Maps Platform<\/option><option value=\"Gi\u1ea3i ph\u00e1p Google Workspace\">Gi\u1ea3i ph\u00e1p Google Workspace<\/option><option value=\"Kh\u00e1c\">Is different<\/option><\/select><\/span>\n\t\t\t<\/p>\n\t\t<\/div>\n\t<\/div>\n\t<div class=\"wpb_column vc_column_container vc_col-sm-12\" style=\"padding: 5px 10px;\">\n\t\t<div class=\"input-item\">\n\t\t\t<p class=\"sign-up\"><input class=\"wpcf7-form-control wpcf7-submit has-spinner\" type=\"submit\" value=\"Leave your information to receive documents\" \/>\n\t\t\t<\/p>\n\t\t\t<div class=\"spin-form\">\n\t\t\t\t<p><span class=\"ajax-loader\"><\/span>\n\t\t\t\t<\/p>\n\t\t\t<\/div>\n\t\t<\/div>\n\t\t<div class=\"input-item thong-bao\">\n\t\t<div class=\"wpcf7-response-output\" aria-hidden=\"true\"><\/div>\n\t\t<\/div>\n\t<\/div>\n<\/div>\n<input type=\"hidden\" name=\"trp-form-language\" value=\"en\"\/><\/form>\n<\/div>\n<\/div><\/div><\/div><\/div><div class=\"wpb_column vc_column_container vc_col-sm-12\"><div class=\"vc_column-inner\"><div class=\"wpb_wrapper\"><\/div><\/div><\/div><div class=\"wpb_column vc_column_container vc_col-sm-12\"><div class=\"vc_column-inner\"><div class=\"wpb_wrapper\"><\/div><\/div><\/div><\/div><div class=\"vcex-spacing wpex-w-100 wpex-clear\" style=\"height:80px\"><\/div><\/div><\/div><\/div><\/div><div class=\"vc_row-full-width vc_clearfix\"><\/div><div data-vc-full-width=\"true\" data-vc-full-width-init=\"false\" class=\"vc_row wpb_row vc_row-fluid vc_custom_1673673055397 vc_row-o-content-middle vc_row-flex wpex-vc_row-has-fill wpex-vc-row-stretched no-bottom-margins\"><div class=\"wpb_column vc_column_container vc_col-sm-12\"><div class=\"vc_column-inner\"><div class=\"wpb_wrapper\"><div class=\"vcex-spacing wpex-w-100 wpex-clear\" style=\"height:50px\"><\/div><div class=\"vcex-heading vcex-module wpex-text-2xl wpex-font-normal wpex-m-auto wpex-max-w-100 vcex-heading-plain wpex-block wpex-text-center\" style=\"color:#000000;font-size:28px;font-weight:700;\"><span class=\"vcex-heading-inner wpex-inline-block wpex-clr\">T\u1ea1i sao b\u1ea1n c\u1ea7n Gemini for Google Workspace Ebook<\/span><\/div><div class=\"vcex-spacing wpex-w-100 wpex-clear\" style=\"height:20px\"><\/div><div class=\"vc_row wpb_row vc_inner vc_row-fluid vc_column-gap-30 vc_row-o-equal-height vc_row-flex\"><div class=\"wpb_column vc_column_container vc_col-sm-3\"><div class=\"vc_column-inner\"><div class=\"wpb_wrapper\"><div class=\"wpb_animate_when_almost_visible wpb_fadeIn fadeIn\"><div class=\"vcex-module vcex-icon-box vcex-icon-box-two wpex-relative wpex-shadow-sm wpex-hover-shadow-lg wpex-transition-shadow wpex-duration-300 wpex-p-30 wpex-text-center vc_custom_1717646444148 free-credit-box\" style=\"background-color:#ffffff;\"><div class=\"vcex-icon-box-symbol wpex-mb-20\"><div class=\"vcex-icon-box-icon wpex-inline-flex wpex-items-center wpex-justify-center wpex-child-inherit-color wpex-text-center wpex-leading-none wpex-text-black\" style=\"color:#ffffff;font-size:55px;border-radius:50%;background:#1a73e8;width:120px;height:120px;\"><span class=\"ticon ticon-users\" aria-hidden=\"true\"><\/span><\/div><\/a><\/div><div class=\"vcex-icon-box-text\"><h3 class=\"vcex-icon-box-heading wpex-heading wpex-text-md wpex-mb-10\" style=\"font-size:24px;\">Hi\u1ec7u qu\u1ea3<\/h3><div class=\"vcex-icon-box-content wpex-last-mb-0 wpex-clr\" style=\"font-size:18px;\"><p style=\"text-align: center\">H\u01b0\u1edbng d\u1eabn chi ti\u1ebft c\u00e1ch s\u1eed d\u1ee5ng Gemini AI, c\u00e1ch Gemini AI gi\u00fap doanh nghi\u1ec7p c\u1eaft gi\u1ea3m chi ph\u00ed v\u00e0 t\u0103ng doanh thu.<\/p>\n<\/div><\/div><\/div><\/div><\/div><\/div><\/div><div class=\"wpb_column vc_column_container vc_col-sm-3\"><div class=\"vc_column-inner\"><div class=\"wpb_wrapper\"><div class=\"wpb_animate_when_almost_visible wpb_fadeIn fadeIn\"><div class=\"vcex-module vcex-icon-box vcex-icon-box-two wpex-relative wpex-shadow-sm wpex-hover-shadow-lg wpex-transition-shadow wpex-duration-300 wpex-p-30 wpex-text-center vc_custom_1717574916790 free-credit-box\" style=\"background-color:#ffffff;\"><div class=\"vcex-icon-box-symbol wpex-mb-20\"><div class=\"vcex-icon-box-icon wpex-inline-flex wpex-items-center wpex-justify-center wpex-child-inherit-color wpex-text-center wpex-leading-none wpex-text-black\" style=\"color:#ffffff;font-size:55px;border-radius:50%;background:#1a73e8;width:120px;height:120px;\"><span class=\"ticon ticon-lightbulb-o\" aria-hidden=\"true\"><\/span><\/div><\/a><\/div><div class=\"vcex-icon-box-text\"><h3 class=\"vcex-icon-box-heading wpex-heading wpex-text-md wpex-mb-10\" style=\"font-size:24px;\">Creative<\/h3><div class=\"vcex-icon-box-content wpex-last-mb-0 wpex-clr\" style=\"font-size:18px;\"><p style=\"text-align: center\">T\u0103ng t\u00ednh s\u00e1ng t\u1ea1o cho ng\u01b0\u1eddi d\u00f9ng, m\u1edf ra c\u00e1nh c\u1eeda kh\u00e1m ph\u00e1 ti\u1ec1m n\u0103ng v\u00f4 h\u1ea1n c\u1ee7a Gemini AI v\u00e0 Google Workspace<\/p>\n<\/div><\/div><\/div><\/div><\/div><\/div><\/div><div class=\"wpb_column vc_column_container vc_col-sm-3\"><div class=\"vc_column-inner\"><div class=\"wpb_wrapper\"><div class=\"wpb_animate_when_almost_visible wpb_fadeIn fadeIn\"><div class=\"vcex-module vcex-icon-box vcex-icon-box-two wpex-relative wpex-shadow-sm wpex-hover-shadow-lg wpex-transition-shadow wpex-duration-300 wpex-p-30 wpex-text-center vc_custom_1717646417708 free-credit-box\" style=\"background-color:#ffffff;\"><div class=\"vcex-icon-box-symbol wpex-mb-20\"><div class=\"vcex-icon-box-icon wpex-inline-flex wpex-items-center wpex-justify-center wpex-child-inherit-color wpex-text-center wpex-leading-none wpex-text-black\" style=\"color:#ffffff;font-size:55px;border-radius:50%;background:#1a73e8;width:120px;height:120px;\"><span class=\"ticon ticon-check\" aria-hidden=\"true\"><\/span><\/div><\/a><\/div><div class=\"vcex-icon-box-text\"><h3 class=\"vcex-icon-box-heading wpex-heading wpex-text-md wpex-mb-10\" style=\"font-size:24px;\">Useful<\/h3><div class=\"vcex-icon-box-content wpex-last-mb-0 wpex-clr\" style=\"font-size:18px;\"><p style=\"text-align: center\">H\u01b0\u1edbng d\u1eabn chi ti\u1ebft, gi\u1edbi thi\u1ec7u c\u00e1c use case gi\u00fap \u1ee9ng d\u1ee5ng Gemini v\u00e0o Sales, Marketing, CSS,&#8230;<\/p>\n<\/div><\/div><\/div><\/div><\/div><\/div><\/div><div class=\"wpb_column vc_column_container vc_col-sm-3\"><div class=\"vc_column-inner\"><div class=\"wpb_wrapper\"><div class=\"wpb_animate_when_almost_visible wpb_fadeIn fadeIn\"><div class=\"vcex-module vcex-icon-box vcex-icon-box-two wpex-relative wpex-shadow-sm wpex-hover-shadow-lg wpex-transition-shadow wpex-duration-300 wpex-p-30 wpex-text-center vc_custom_1717646401912 free-credit-box\" style=\"background-color:#ffffff;\"><div class=\"vcex-icon-box-symbol wpex-mb-20\"><div class=\"vcex-icon-box-icon wpex-inline-flex wpex-items-center wpex-justify-center wpex-child-inherit-color wpex-text-center wpex-leading-none wpex-text-black\" style=\"color:#ffffff;font-size:55px;border-radius:50%;background:#1a73e8;width:120px;height:120px;\"><span class=\"ticon ticon-shield\" aria-hidden=\"true\"><\/span><\/div><\/a><\/div><div class=\"vcex-icon-box-text\"><h3 class=\"vcex-icon-box-heading wpex-heading wpex-text-md wpex-mb-10\" style=\"font-size:24px;\">Trustworthy<\/h3><div class=\"vcex-icon-box-content wpex-last-mb-0 wpex-clr\" style=\"font-size:18px;\"><p style=\"text-align: center\"><span class=\"OYPEnA text-decoration-none text-strikethrough-none\">C\u00e1c t\u00ednh n\u0103ng, c\u00e1ch th\u1ee9c t\u0103ng c\u01b0\u1eddng b\u1ea3o m\u1eadt th\u00f4ng tin d\u1eef li\u1ec7u v\u1edbi Google Workspace <\/span><\/p>\n<\/div><\/div><\/div><\/div><\/div><\/div><\/div><\/div><div class=\"vcex-spacing wpex-w-100 wpex-clear\" style=\"height:80px\"><\/div><\/div><\/div><\/div><\/div><div class=\"vc_row-full-width vc_clearfix\"><\/div><div data-vc-full-width=\"true\" data-vc-full-width-init=\"false\" class=\"vc_row wpb_row vc_row-fluid vc_custom_1681887147867 vc_row-o-content-middle vc_row-flex wpex-vc_row-has-fill wpex-vc-row-stretched no-bottom-margins\"><div class=\"wpb_column vc_column_container vc_col-sm-12\"><div class=\"vc_column-inner\"><div class=\"wpb_wrapper\"><div class=\"templatera_shortcode\"><style type=\"text\/css\" data-type=\"vc_shortcodes-custom-css\">.vc_custom_1624244715737{background-color: #f4f9fc !important;}.vc_custom_1629763325433{border-radius: 15px !important;}.vc_custom_1629763316971{border-radius: 15px !important;}.vc_custom_1629692869517{border-radius: 15px !important;}<\/style><div data-vc-full-width=\"true\" data-vc-full-width-init=\"false\" class=\"vc_row wpb_row vc_row-fluid vc_custom_1624244715737 wpex-vc_row-has-fill wpex-vc-row-stretched\"><div class=\"wpb_column vc_column_container vc_col-sm-12\"><div class=\"vc_column-inner\"><div class=\"wpb_wrapper\"><div class=\"vcex-spacing wpex-w-100 wpex-clear\" style=\"height:80px\"><\/div><h1 class=\"vcex-heading vcex-module wpex-text-2xl wpex-font-normal wpex-m-auto wpex-max-w-100 vcex-heading-plain wpex-block wpex-text-center  wpb_animate_when_almost_visible wpb_fadeIn fadeIn\" style=\"font-size:40px;letter-spacing:.3px;font-weight:600;\"><span class=\"vcex-heading-inner wpex-inline-block wpex-clr\">WHY CHOOSE GIMASYS<\/span><\/h1><div class=\"vcex-spacing wpex-w-100 wpex-clear\" style=\"height:40px\"><\/div><div class=\"vc_row wpb_row vc_inner vc_row-fluid home-vi-sao vc_row-o-equal-height vc_row-flex\"><div class=\"wpb_column vc_column_container vc_col-sm-4\"><div class=\"vc_column-inner\"><div class=\"wpb_wrapper\"><div class=\"wpb_animate_when_almost_visible wpb_fadeIn fadeIn\"><div class=\"vcex-module vcex-icon-box vcex-icon-box-two wpex-relative wpex-shadow-sm wpex-hover-shadow-lg wpex-transition-shadow wpex-duration-300 wpex-p-30 wpex-text-center vc_custom_1629763325433\" style=\"background-color:#ffffff;\"><div class=\"vcex-icon-box-symbol wpex-mb-20\"><div class=\"vcex-icon-box-icon wpex-inline-flex wpex-items-center wpex-justify-center wpex-child-inherit-color wpex-text-center wpex-leading-none wpex-text-black\" style=\"color:#ffffff;font-size:55px;border-radius:50%;background:#1a73e8;width:120px;height:120px;\"><span class=\"ticon ticon-briefcase rings-animate delay-10\" aria-hidden=\"true\"><\/span><\/div><\/a><\/div><div class=\"vcex-icon-box-text\"><h2 class=\"vcex-icon-box-heading wpex-heading wpex-text-md wpex-mb-10\" style=\"font-size:18px;\">More than 10 years of experience<\/h2><div class=\"vcex-icon-box-content wpex-last-mb-0 wpex-clr\"><p>Gimasys is a strategic partner of Google in Vietnam with more than 10 years of experience, with some typical customers such as Jetstart, Dien Quan, Jolibee, Novaland, Yeah1, Momo, Heniken, Bim Group...<\/p>\n<\/div><\/div><\/div><\/div><\/div><\/div><\/div><div class=\"wpb_column vc_column_container vc_col-sm-4\"><div class=\"vc_column-inner\"><div class=\"wpb_wrapper\"><div class=\"wpb_animate_when_almost_visible wpb_fadeIn fadeIn\"><div class=\"vcex-module vcex-icon-box vcex-icon-box-two wpex-relative wpex-shadow-sm wpex-hover-shadow-lg wpex-transition-shadow wpex-duration-300 wpex-p-30 wpex-text-center vc_custom_1629763316971\" style=\"background-color:#ffffff;\"><div class=\"vcex-icon-box-symbol wpex-mb-20\"><div class=\"vcex-icon-box-icon wpex-inline-flex wpex-items-center wpex-justify-center wpex-child-inherit-color wpex-text-center wpex-leading-none wpex-text-black\" style=\"color:#ffffff;font-size:55px;border-radius:50%;background:#1a73e8;width:120px;height:120px;\"><span class=\"ticon ticon-diamond rings-animate delay-30\" aria-hidden=\"true\"><\/span><\/div><\/a><\/div><div class=\"vcex-icon-box-text\"><h2 class=\"vcex-icon-box-heading wpex-heading wpex-text-md wpex-mb-10\" style=\"font-size:18px;\">Best customer service<\/h2><div class=\"vcex-icon-box-content wpex-last-mb-0 wpex-clr\"><p>Gimasys is the first partner in Vietnam to build a customer support system in accordance with Google standards, from consulting to implementation. 24\/7 online technical team for customer support.<\/p>\n<\/div><\/div><\/div><\/div><\/div><\/div><\/div><div class=\"wpb_column vc_column_container vc_col-sm-4\"><div class=\"vc_column-inner\"><div class=\"wpb_wrapper\"><div class=\"wpb_animate_when_almost_visible wpb_fadeIn fadeIn\"><div class=\"vcex-module vcex-icon-box vcex-icon-box-two wpex-relative wpex-shadow-sm wpex-hover-shadow-lg wpex-transition-shadow wpex-duration-300 wpex-p-30 wpex-text-center vc_custom_1629692869517\" style=\"background-color:#ffffff;\"><div class=\"vcex-icon-box-symbol wpex-mb-20\"><div class=\"vcex-icon-box-icon wpex-inline-flex wpex-items-center wpex-justify-center wpex-child-inherit-color wpex-text-center wpex-leading-none wpex-text-black\" style=\"color:#ffffff;font-size:55px;border-radius:50%;background:#1a73e8;width:120px;height:120px;\"><span class=\"ticon ticon-users rings-animate delay-50\" aria-hidden=\"true\"><\/span><\/div><\/a><\/div><div class=\"vcex-icon-box-text\"><h2 class=\"vcex-icon-box-heading wpex-heading wpex-text-md wpex-mb-10\" style=\"font-size:18px;\">Always for the benefit of the customer<\/h2><div class=\"vcex-icon-box-content wpex-last-mb-0 wpex-clr\"><p>Your success is the success of Gimasys. We always try our best to bring the right technology solutions for each business at the most favorable prices in the market.<\/p>\n<\/div><\/div><\/div><\/div><\/div><\/div><\/div><\/div><div class=\"vcex-spacing wpex-w-100 wpex-clear\" style=\"height:80px\"><\/div><\/div><\/div><\/div><\/div><div class=\"vc_row-full-width vc_clearfix\"><\/div><\/div><\/div><\/div><\/div><\/div><div class=\"vc_row-full-width vc_clearfix\"><\/div><div data-vc-full-width=\"true\" data-vc-full-width-init=\"false\" class=\"vc_row wpb_row vc_row-fluid vc_custom_1673678937183 vc_row-o-content-middle vc_row-flex wpex-vc_row-has-fill wpex-vc-row-stretched no-bottom-margins\"><div class=\"wpb_column vc_column_container vc_col-sm-2\"><div class=\"vc_column-inner\"><div class=\"wpb_wrapper\"><\/div><\/div><\/div><div class=\"wpb_column vc_column_container vc_col-sm-8\"><div class=\"vc_column-inner\"><div class=\"wpb_wrapper\"><div class=\"vcex-spacing wpex-w-100 wpex-clear\" style=\"height:80px\"><\/div><div class=\"vcex-heading vcex-module wpex-text-2xl wpex-font-normal wpex-m-auto wpex-max-w-100 vcex-heading-plain wpex-block wpex-text-center\" style=\"color:#ffffff;font-size:36px;font-weight:700;\"><span class=\"vcex-heading-inner wpex-inline-block wpex-clr\">REGISTER TO EXPERIENCE NOW<\/span><\/div><div class=\"vcex-spacing wpex-w-100 wpex-clear\" style=\"height:20px\"><\/div>\n\t<div style=\"color:#ffffff;font-size:18px;text-align:center;line-height:34px;\" class=\"wpb_text_column has-custom-color wpex-child-inherit-color wpb_content_element\" >\n\t\t<div class=\"wpb_wrapper\">\n\t\t\t<p>Get Free Credits GCP now up to 2000$<br \/>\nExclusively for Registered Customers\u00a0<a href=\"https:\/\/gcloudvn.com\/en\/kienthuc\/nen-chon-phien-ban-google-workspace-nao-cho-doanh-nghiep\/\">Google Workspace customers<\/a>\u00a0from Gimasys<\/p>\n\n\t\t<\/div>\n\t<\/div>\n<div class=\"vcex-spacing wpex-w-100 wpex-clear\" style=\"height:20px\"><\/div><div class=\"textcenter theme-button-wrap wpex-clr\"><a href=\"#\" class=\"vcex-button theme-button align-center inline local-scroll-link\" style=\"font-size:18px;\"><span class=\"theme-button-inner\">REGISTER NOW<\/span><\/a><\/div> <div class=\"vcex-spacing wpex-w-100 wpex-clear\" style=\"height:80px\"><\/div><\/div><\/div><\/div><div class=\"wpb_column vc_column_container vc_col-sm-2\"><div class=\"vc_column-inner\"><div class=\"wpb_wrapper\"><\/div><\/div><\/div><\/div><div class=\"vc_row-full-width vc_clearfix\"><\/div>\n<\/section>","protected":false},"excerpt":{"rendered":"\u0110\u0103ng k\u00fd nh\u1eadn ngay Ebook mi\u1ec5n ph\u00ed Gemini AI for Google Workspace\u00a0 Gemini l\u00e0 m\u1ed9t trong nh\u1eefng m\u00f4 h\u00ecnh tr\u00ed tu\u1ec7 nh\u00e2n t\u1ea1o th\u00f4ng minh nh\u1ea5t hi\u1ec7n nay \u0111\u01b0\u1ee3c ph\u00e1t tri\u1ec3n b\u1edfi Google, v\u1edbi kh\u1ea3 n\u0103ng x\u1eed l\u00fd ph\u00e2n t\u00edch&hellip;","protected":false},"author":2,"featured_media":0,"parent":0,"menu_order":41,"comment_status":"closed","ping_status":"closed","template":"","meta":{"inline_featured_image":false,"footnotes":""},"class_list":["post-19084","page","type-page","status-publish","hentry","entry","no-media"],"_links":{"self":[{"href":"https:\/\/gcloudvn.com\/en\/wp-json\/wp\/v2\/pages\/19084","targetHints":{"allow":["GET"]}}],"collection":[{"href":"https:\/\/gcloudvn.com\/en\/wp-json\/wp\/v2\/pages"}],"about":[{"href":"https:\/\/gcloudvn.com\/en\/wp-json\/wp\/v2\/types\/page"}],"author":[{"embeddable":true,"href":"https:\/\/gcloudvn.com\/en\/wp-json\/wp\/v2\/users\/2"}],"replies":[{"embeddable":true,"href":"https:\/\/gcloudvn.com\/en\/wp-json\/wp\/v2\/comments?post=19084"}],"version-history":[{"count":0,"href":"https:\/\/gcloudvn.com\/en\/wp-json\/wp\/v2\/pages\/19084\/revisions"}],"wp:attachment":[{"href":"https:\/\/gcloudvn.com\/en\/wp-json\/wp\/v2\/media?parent=19084"}],"curies":[{"name":"wp","href":"https:\/\/api.w.org\/{rel}","templated":true}]}}