{"id":20302,"date":"2024-10-18T09:22:09","date_gmt":"2024-10-18T02:22:09","guid":{"rendered":"https:\/\/gcloudvn.com\/?page_id=20302"},"modified":"2024-10-18T09:29:05","modified_gmt":"2024-10-18T02:29:05","slug":"dang-ky-nhan-ebook-the-roi-of-genai-2","status":"publish","type":"page","link":"https:\/\/gcloudvn.com\/en\/dang-ky-nhan-ebook-the-executives-guide-to-gen-ai\/","title":{"rendered":"\u0110\u0103ng k\u00fd nh\u1eadn Ebook &#8220;The executive\u2019s guide to gen AI&#8221;"},"content":{"rendered":"<section class=\"wpb-content-wrapper\"><div data-vc-full-width=\"true\" data-vc-full-width-init=\"false\" class=\"vc_row wpb_row vc_row-fluid vc_custom_1699840975220 vc_row-o-content-middle vc_row-flex wpex-vc_row-has-fill wpex-vc-row-stretched no-bottom-margins\"><div class=\"wpb_column vc_column_container vc_col-sm-12\"><div class=\"vc_column-inner\"><div class=\"wpb_wrapper\"><div class=\"vc_row wpb_row vc_inner vc_row-fluid vc_row-o-content-middle vc_row-flex\"><div class=\"wpb_column vc_column_container vc_col-sm-6\"><div class=\"vc_column-inner\"><div class=\"wpb_wrapper\"><div class=\"vcex-spacing wpex-w-100 wpex-clear\" style=\"height:20px\"><\/div><div class=\"vcex-heading vcex-module wpex-text-2xl wpex-font-normal wpex-m-auto wpex-max-w-100 vcex-heading-plain wpex-block wpex-text-center\" style=\"color:#ffffff;font-size:28px;font-weight:700;\"><span class=\"vcex-heading-inner wpex-inline-block wpex-clr\">EBOOK \"THE EXECUTIVE GUIDE TO GENAI\"<\/span><\/div><div class=\"vcex-spacing wpex-w-100 wpex-clear\" style=\"height:20px\"><\/div>\n\t<div class=\"wpb_text_column wpb_content_element  vc_custom_1729218037779\" >\n\t\t<div class=\"wpb_wrapper\">\n\t\t\t<div class=\"elementor-element elementor-element-0f786e2 elementor-widget elementor-widget-heading\" data-id=\"0f786e2\" data-element_type=\"widget\" data-widget_type=\"heading.default\">\n<div class=\"elementor-widget-container\">\n<p class=\"elementor-heading-title elementor-size-default\" style=\"text-align: center;\"><span style=\"color: #ffffff; font-size: 23px;\"><strong><i>Gimasys \u2013 \u0111\u1ed1i t\u00e1c c\u1ea5p cao c\u1ee7a Google Cloud t\u1ea1i Vi\u1ec7t Nam \u0111\u1ed3ng h\u00e0nh c\u00f9ng doanh nghi\u1ec7p trong qu\u00e1 tr\u00ecnh chuy\u1ec3n \u0111\u1ed5i s\u1ed1 v\u1edbi GenAI\u00a0<\/i><\/strong><\/span><\/p>\n<\/div>\n<\/div>\n\n\t\t<\/div>\n\t<\/div>\n<div class=\"vcex-spacing wpex-w-100 wpex-clear\" style=\"height:20px\"><\/div>\n\t<div class=\"wpb_text_column wpb_content_element  vc_custom_1729218125765\" >\n\t\t<div class=\"wpb_wrapper\">\n\t\t\t<div class=\"elementor-element elementor-element-0f786e2 elementor-widget elementor-widget-heading\" data-id=\"0f786e2\" data-element_type=\"widget\" data-widget_type=\"heading.default\">\n<div class=\"elementor-widget-container\">\n<p><span style=\"color: #ffffff;\">V\u1edbi h\u01a1n 10 n\u0103m kinh nghi\u1ec7m trong vi\u1ec7c t\u01b0 v\u1ea5n chuy\u1ec3n \u0111\u1ed5i s\u1ed1 cho c\u00e1c doanh nghi\u1ec7p. Gimasys \u2013 Google Cloud Premier Partner g\u1eedi b\u1ea1n m\u1ed9t Ebook c\u1ef1c k\u1ef3 gi\u00e1 tr\u1ecb \u0111\u01b0\u1ee3c th\u1ef1c hi\u1ec7n b\u1edfi ch\u00ednh Google, gi\u00fap b\u1ea1n t\u00edch h\u1ee3p GenAI v\u00e0 n\u00e2ng t\u1ea7m doanh nghi\u1ec7p ch\u1ec9 trong 30 ng\u00e0y. T\u1eeb s\u00e1ng t\u1ea1o n\u1ed9i dung \u0111\u1ebfn l\u1eadp tr\u00ecnh, t\u1eeb vi\u1ec7c t\u00ecm ki\u1ebfm th\u00f4ng tin \u0111\u1ebfn t\u00f3m t\u1eaft, AI s\u1ebd s\u1edbm len l\u1ecfi v\u00e0o m\u1ecdi kh\u00eda c\u1ea1nh trong ho\u1ea1t \u0111\u1ed9ng kinh doanh. \u0110\u1eebng \u0111\u1ec3 doanh nghi\u1ec7p c\u1ee7a b\u1ea1n b\u1ecb t\u1ee5t h\u1eadu!<\/span><\/p>\n<\/div>\n<\/div>\n\n\t\t<\/div>\n\t<\/div>\n<\/div><\/div><\/div><div class=\"wpb_column vc_column_container vc_col-sm-6 wpex-vc_col-has-fill\"><div class=\"vc_column-inner vc_custom_1699839937988\"><div class=\"wpb_wrapper\"><div class=\"vcex-spacing wpex-w-100 wpex-clear\" style=\"height:20px\"><\/div><div class=\"vcex-shortcode wpex-clr\">\n<div class=\"wpcf7 no-js\" id=\"wpcf7-f16966-o1\" lang=\"vi\" dir=\"ltr\" data-wpcf7-id=\"16966\">\n<div class=\"screen-reader-response\"><p role=\"status\" aria-live=\"polite\" aria-atomic=\"true\"><\/p> <ul><\/ul><\/div>\n<form action=\"\/en\/wp-json\/wp\/v2\/pages\/20302#wpcf7-f16966-o1\" method=\"post\" class=\"wpcf7-form init\" aria-label=\"Contact form\" novalidate=\"novalidate\" data-status=\"init\" data-trp-original-action=\"\/en\/wp-json\/wp\/v2\/pages\/20302#wpcf7-f16966-o1\">\n<fieldset class=\"hidden-fields-container\"><input type=\"hidden\" name=\"_wpcf7\" value=\"16966\" \/><input type=\"hidden\" name=\"_wpcf7_version\" value=\"6.1.4\" \/><input type=\"hidden\" name=\"_wpcf7_locale\" value=\"vi\" \/><input type=\"hidden\" name=\"_wpcf7_unit_tag\" value=\"wpcf7-f16966-o1\" \/><input type=\"hidden\" name=\"_wpcf7_container_post\" value=\"0\" \/><input type=\"hidden\" name=\"_wpcf7_posted_data_hash\" value=\"\" \/><input type=\"hidden\" name=\"_wpcf7_recaptcha_response\" value=\"\" \/>\n<\/fieldset>\n<div class=\"nhan-tai-lieu\">\n\t<div style=\"padding: 15px 20px; text-align:center; font-size:30px; color:#053c65; font-weight:999\">\n\t\t<p>DOWNLOAD EBOOK\n\t\t<\/p>\n\t<\/div>\n\t<div class=\"wpb_column vc_column_container vc_col-sm-12\" style=\"padding: 0 10px;\">\n\t\t<div class=\"input-item\">\n\t\t\t<p class=\"field\"><span class=\"wpcf7-form-control-wrap\" data-name=\"your-1name\"><input size=\"40\" maxlength=\"400\" class=\"wpcf7-form-control wpcf7-text wpcf7-validates-as-required comm-field\" aria-required=\"true\" aria-invalid=\"false\" placeholder=\"First and last name *\" value=\"\" type=\"text\" name=\"your-1name\" \/><\/span>\n\t\t\t<\/p>\n\t\t<\/div>\n\t<\/div>\n\t<div class=\"wpb_column vc_column_container vc_col-sm-12\" style=\"padding: 0 10px;\">\n\t\t<div class=\"input-item\">\n\t\t\t<p class=\"field\"><span class=\"wpcf7-form-control-wrap\" data-name=\"your-email\"><input size=\"40\" maxlength=\"400\" class=\"wpcf7-form-control wpcf7-email wpcf7-validates-as-required wpcf7-text wpcf7-validates-as-email comm-field\" aria-required=\"true\" aria-invalid=\"false\" placeholder=\"Email address *\" value=\"\" type=\"email\" name=\"your-email\" \/><\/span>\n\t\t\t<\/p>\n\t\t<\/div>\n\t<\/div>\n\t<div class=\"wpb_column vc_column_container vc_col-sm-12\" style=\"padding: 0 10px;\">\n\t\t<div class=\"input-item\">\n\t\t\t<p class=\"field\"><span class=\"wpcf7-form-control-wrap\" data-name=\"your-company\"><input size=\"40\" maxlength=\"400\" class=\"wpcf7-form-control wpcf7-text wpcf7-validates-as-required comm-field\" aria-required=\"true\" aria-invalid=\"false\" placeholder=\"Company&#039;s name *\" value=\"\" type=\"text\" name=\"your-company\" \/><\/span>\n\t\t\t<\/p>\n\t\t<\/div>\n\t<\/div>\n\t<div class=\"wpb_column vc_column_container vc_col-sm-12\" style=\"padding: 0 10px;\">\n\t\t<div class=\"input-item\">\n\t\t\t<p class=\"field\"><span class=\"wpcf7-form-control-wrap\" data-name=\"your-phone\"><input size=\"40\" maxlength=\"400\" class=\"wpcf7-form-control wpcf7-tel wpcf7-validates-as-required wpcf7-text wpcf7-validates-as-tel comm-field\" aria-required=\"true\" aria-invalid=\"false\" placeholder=\"Phone number *\" value=\"\" type=\"tel\" name=\"your-phone\" \/><\/span>\n\t\t\t<\/p>\n\t\t<\/div>\n\t<\/div>\n\t<div class=\"wpb_column vc_column_container vc_col-sm-12\" style=\"padding: 0 10px;\">\n\t\t<div class=\"input-item\">\n\t\t\t<p class=\"field\"><span class=\"wpcf7-form-control-wrap\" data-name=\"quy-mo\"><select class=\"wpcf7-form-control wpcf7-select lien-he-choose\" aria-invalid=\"false\" name=\"quy-mo\"><option value=\"Quy m\u00f4 doanh nghi\u1ec7p c\u1ee7a b\u1ea1n?\">Size of your business?<\/option><option value=\"1-50\">1-50<\/option><option value=\"51-100\">51-100<\/option><option value=\"101-200\">101-200<\/option><option value=\"201-500\">201-500<\/option><option value=\"500-1000\">500-1000<\/option><option value=\"&gt;1000\">&gt;1000<\/option><\/select><\/span>\n\t\t\t<\/p>\n\t\t<\/div>\n\t<\/div>\n\t<div class=\"wpb_column vc_column_container vc_col-sm-12\" style=\"padding: 0 10px;\">\n\t\t<div class=\"input-item\">\n\t\t\t<p class=\"field\"><span class=\"wpcf7-form-control-wrap\" data-name=\"nhu-cau\"><select class=\"wpcf7-form-control wpcf7-select wpcf7-validates-as-required lien-he-choose\" aria-required=\"true\" aria-invalid=\"false\" name=\"nhu-cau\"><option value=\"C\u00e1c gi\u1ea3i ph\u00e1p b\u1ea1n \u0111ang quan t\u00e2m *\">C\u00e1c gi\u1ea3i ph\u00e1p b\u1ea1n \u0111ang quan t\u00e2m *<\/option><option value=\"Gi\u1ea3i ph\u00e1p h\u1ea1 t\u1ea7ng\">Gi\u1ea3i ph\u00e1p h\u1ea1 t\u1ea7ng<\/option><option value=\"Gi\u1ea3i ph\u00e1p qu\u1ea3n l\u00fd d\u1eef li\u1ec7u\">Gi\u1ea3i ph\u00e1p qu\u1ea3n l\u00fd d\u1eef li\u1ec7u<\/option><option value=\"Gi\u1ea3i ph\u00e1p AI\">Gi\u1ea3i ph\u00e1p AI<\/option><option value=\"Gi\u1ea3i ph\u00e1p Maps Platform\">Gi\u1ea3i ph\u00e1p Maps Platform<\/option><option value=\"Gi\u1ea3i ph\u00e1p Google Workspace\">Gi\u1ea3i ph\u00e1p Google Workspace<\/option><option value=\"Kh\u00e1c\">Is different<\/option><\/select><\/span>\n\t\t\t<\/p>\n\t\t<\/div>\n\t<\/div>\n\t<div class=\"wpb_column vc_column_container vc_col-sm-12\" style=\"padding: 5px 10px;\">\n\t\t<div class=\"input-item\">\n\t\t\t<p class=\"sign-up\"><input class=\"wpcf7-form-control wpcf7-submit has-spinner\" type=\"submit\" value=\"Leave your information to receive documents\" \/>\n\t\t\t<\/p>\n\t\t\t<div class=\"spin-form\">\n\t\t\t\t<p><span class=\"ajax-loader\"><\/span>\n\t\t\t\t<\/p>\n\t\t\t<\/div>\n\t\t<\/div>\n\t\t<div class=\"input-item thong-bao\">\n\t\t<div class=\"wpcf7-response-output\" aria-hidden=\"true\"><\/div>\n\t\t<\/div>\n\t<\/div>\n<\/div>\n<input type=\"hidden\" name=\"trp-form-language\" value=\"en\"\/><\/form>\n<\/div>\n<\/div><\/div><\/div><\/div><div class=\"wpb_column vc_column_container vc_col-sm-12\"><div class=\"vc_column-inner\"><div class=\"wpb_wrapper\"><\/div><\/div><\/div><div class=\"wpb_column vc_column_container vc_col-sm-12\"><div class=\"vc_column-inner\"><div class=\"wpb_wrapper\"><\/div><\/div><\/div><\/div><div class=\"vcex-spacing wpex-w-100 wpex-clear\" style=\"height:80px\"><\/div><\/div><\/div><\/div><\/div><div class=\"vc_row-full-width vc_clearfix\"><\/div><div data-vc-full-width=\"true\" data-vc-full-width-init=\"false\" class=\"vc_row wpb_row vc_row-fluid vc_custom_1673673055397 vc_row-o-content-middle vc_row-flex wpex-vc_row-has-fill wpex-vc-row-stretched no-bottom-margins\"><div class=\"wpb_column vc_column_container vc_col-sm-12\"><div class=\"vc_column-inner\"><div class=\"wpb_wrapper\"><div class=\"vcex-spacing wpex-w-100 wpex-clear\" style=\"height:50px\"><\/div><div class=\"vcex-heading vcex-module wpex-text-2xl wpex-font-normal wpex-m-auto wpex-max-w-100 vcex-heading-plain wpex-block wpex-text-center\" style=\"color:#000000;font-size:28px;font-weight:700;\"><span class=\"vcex-heading-inner wpex-inline-block wpex-clr\">Nghi\u00ean c\u1ee9u \"The executive\u2019s guide to gen AI\" gi\u00fap doanh nghi\u1ec7p hi\u1ec3u r\u00f5:<\/span><\/div><div class=\"vcex-spacing wpex-w-100 wpex-clear\" style=\"height:20px\"><\/div><div class=\"vc_row wpb_row vc_inner vc_row-fluid vc_column-gap-30 vc_row-o-equal-height vc_row-flex\"><div class=\"wpb_column vc_column_container vc_col-sm-3\"><div class=\"vc_column-inner\"><div class=\"wpb_wrapper\"><div class=\"wpb_animate_when_almost_visible wpb_fadeIn fadeIn\"><div class=\"vcex-module vcex-icon-box vcex-icon-box-two wpex-relative wpex-shadow-sm wpex-hover-shadow-lg wpex-transition-shadow wpex-duration-300 wpex-p-30 wpex-text-center vc_custom_1729218255970 free-credit-box\" style=\"background-color:#ffffff;\"><div class=\"vcex-icon-box-symbol wpex-mb-20\"><div class=\"vcex-icon-box-icon wpex-inline-flex wpex-items-center wpex-justify-center wpex-child-inherit-color wpex-text-center wpex-leading-none wpex-text-black\" style=\"color:#ffffff;font-size:55px;border-radius:50%;background:#1a73e8;width:120px;height:120px;\"><span class=\"ticon ticon-signal\" aria-hidden=\"true\"><\/span><\/div><\/a><\/div><div class=\"vcex-icon-box-text\"><h3 class=\"vcex-icon-box-heading wpex-heading wpex-text-md wpex-mb-10\" style=\"font-size:24px;\">\u0110o l\u01b0\u1eddng hi\u1ec7u qu\u1ea3 \u0111\u1ea7u t\u01b0<\/h3><div class=\"vcex-icon-box-content wpex-last-mb-0 wpex-clr\" style=\"font-size:18px;\"><p style=\"text-align: center\">Chia s\u1ebb nh\u1eefng con s\u1ed1 \u1ea5n t\u01b0\u1ee3ng v\u1ec1 m\u1ee9c t\u0103ng tr\u01b0\u1edfng doanh thu v\u00e0 l\u1ee3i nhu\u1eadn nh\u1edd AI<\/p>\n<\/div><\/div><\/div><\/div><\/div><\/div><\/div><div class=\"wpb_column vc_column_container vc_col-sm-3\"><div class=\"vc_column-inner\"><div class=\"wpb_wrapper\"><div class=\"wpb_animate_when_almost_visible wpb_fadeIn fadeIn\"><div class=\"vcex-module vcex-icon-box vcex-icon-box-two wpex-relative wpex-shadow-sm wpex-hover-shadow-lg wpex-transition-shadow wpex-duration-300 wpex-p-30 wpex-text-center vc_custom_1729218304292 free-credit-box\" style=\"background-color:#ffffff;\"><div class=\"vcex-icon-box-symbol wpex-mb-20\"><div class=\"vcex-icon-box-icon wpex-inline-flex wpex-items-center wpex-justify-center wpex-child-inherit-color wpex-text-center wpex-leading-none wpex-text-black\" style=\"color:#ffffff;font-size:55px;border-radius:50%;background:#1a73e8;width:120px;height:120px;\"><span class=\"ticon ticon-check-square-o\" aria-hidden=\"true\"><\/span><\/div><\/a><\/div><div class=\"vcex-icon-box-text\"><h3 class=\"vcex-icon-box-heading wpex-heading wpex-text-md wpex-mb-10\" style=\"font-size:24px;\">C\u00e1c k\u1ebft qu\u1ea3 th\u1ef1c t\u1ebf<\/h3><div class=\"vcex-icon-box-content wpex-last-mb-0 wpex-clr\" style=\"font-size:18px;\"><p style=\"text-align: center\">Nh\u1eefng con s\u1ed1, usecase \u1ea5n t\u01b0\u1ee3ng v\u1ec1 s\u1ef1 ph\u00e1t tri\u1ec3n v\u01b0\u1ee3t b\u1eadc c\u1ee7a c\u00e1c doanh nghi\u1ec7p nh\u1edd AI.<\/p>\n<\/div><\/div><\/div><\/div><\/div><\/div><\/div><div class=\"wpb_column vc_column_container vc_col-sm-3\"><div class=\"vc_column-inner\"><div class=\"wpb_wrapper\"><div class=\"wpb_animate_when_almost_visible wpb_fadeIn fadeIn\"><div class=\"vcex-module vcex-icon-box vcex-icon-box-two wpex-relative wpex-shadow-sm wpex-hover-shadow-lg wpex-transition-shadow wpex-duration-300 wpex-p-30 wpex-text-center vc_custom_1729218524291 free-credit-box\" style=\"background-color:#ffffff;\"><div class=\"vcex-icon-box-symbol wpex-mb-20\"><div class=\"vcex-icon-box-icon wpex-inline-flex wpex-items-center wpex-justify-center wpex-child-inherit-color wpex-text-center wpex-leading-none wpex-text-black\" style=\"color:#ffffff;font-size:55px;border-radius:50%;background:#1a73e8;width:120px;height:120px;\"><span class=\"ticon ticon-pie-chart\" aria-hidden=\"true\"><\/span><\/div><\/a><\/div><div class=\"vcex-icon-box-text\"><h3 class=\"vcex-icon-box-heading wpex-heading wpex-text-md wpex-mb-10\" style=\"font-size:24px;\">30 ng\u00e0y x\u00e2y d\u1ee5ng Usecase<\/h3><div class=\"vcex-icon-box-content wpex-last-mb-0 wpex-clr\" style=\"font-size:18px;\"><p style=\"text-align: center\">H\u01b0\u1edbng d\u1eabn chi ti\u1ebft c\u00e1ch b\u1ea1n x\u00e2y d\u1ef1ng Usecase \u0111\u1ea7u ti\u00ean ch\u1ec9 sau 30 ng\u00e0y<\/p>\n<\/div><\/div><\/div><\/div><\/div><\/div><\/div><div class=\"wpb_column vc_column_container vc_col-sm-3\"><div class=\"vc_column-inner\"><div class=\"wpb_wrapper\"><div class=\"wpb_animate_when_almost_visible wpb_fadeIn fadeIn\"><div class=\"vcex-module vcex-icon-box vcex-icon-box-two wpex-relative wpex-shadow-sm wpex-hover-shadow-lg wpex-transition-shadow wpex-duration-300 wpex-p-30 wpex-text-center vc_custom_1729218541284 free-credit-box\" style=\"background-color:#ffffff;\"><div class=\"vcex-icon-box-symbol wpex-mb-20\"><div class=\"vcex-icon-box-icon wpex-inline-flex wpex-items-center wpex-justify-center wpex-child-inherit-color wpex-text-center wpex-leading-none wpex-text-black\" style=\"color:#ffffff;font-size:55px;border-radius:50%;background:#1a73e8;width:120px;height:120px;\"><span class=\"ticon ticon-lightbulb-o\" aria-hidden=\"true\"><\/span><\/div><\/a><\/div><div class=\"vcex-icon-box-text\"><h3 class=\"vcex-icon-box-heading wpex-heading wpex-text-md wpex-mb-10\" style=\"font-size:24px;\">\u0110\u1ed3ng h\u00e0nh c\u00f9ng doanh nghi\u1ec7p<\/h3><div class=\"vcex-icon-box-content wpex-last-mb-0 wpex-clr\" style=\"font-size:18px;\"><p style=\"text-align: center\">C\u00e1ch Gimsys \u0111\u1ed3ng h\u00e0nh c\u00f9ng b\u1ea1n kh\u00e1m ph\u00e1, khai th\u00e1c s\u1ee9c m\u1ea1nh c\u1ee7a AI.<\/p>\n<\/div><\/div><\/div><\/div><\/div><\/div><\/div><\/div><div class=\"vcex-spacing wpex-w-100 wpex-clear\" style=\"height:80px\"><\/div><\/div><\/div><\/div><\/div><div class=\"vc_row-full-width vc_clearfix\"><\/div><div data-vc-full-width=\"true\" data-vc-full-width-init=\"false\" class=\"vc_row wpb_row vc_row-fluid vc_custom_1728458276576 vc_row-o-content-middle vc_row-flex wpex-vc_row-has-fill hidden wpex-vc-row-stretched wpex-vc-has-custom-column-spacing wpex-vc-column-spacing-50 no-bottom-margins\"><div class=\"wpb_column vc_column_container vc_col-sm-12\"><div class=\"vc_column-inner\"><div class=\"wpb_wrapper\"><div class=\"vcex-heading vcex-module wpex-text-2xl wpex-font-normal wpex-m-auto wpex-max-w-100 vcex-heading-plain wpex-block wpex-text-center\" style=\"font-size:32px;font-weight:700;\"><span class=\"vcex-heading-inner wpex-inline-block wpex-clr\">CONNECT - CREATE - COLLABORATE<br \/>\nWITH GOOGLE WORKSPACE<\/span><\/div><div class=\"vc_empty_space\"   style=\"height: 10px\"><span class=\"vc_empty_space_inner\"><\/span><\/div>\n\t<div  class=\"wpb_single_image wpb_content_element vc_align_center\">\n\t\t\n\t\t<figure class=\"wpb_wrapper vc_figure\">\n\t\t\t<div class=\"vc_single_image-wrapper   vc_box_border_grey\"><img loading=\"lazy\" decoding=\"async\" width=\"1069\" height=\"498\" src=\"https:\/\/gcloudvn.com\/wp-content\/uploads\/2023\/11\/unnamed-21.jpg\" class=\"vc_single_image-img attachment-full\" alt=\"\" title=\"unnamed (2)1\" srcset=\"https:\/\/gcloudvn.com\/wp-content\/uploads\/2023\/11\/unnamed-21.jpg 1069w, https:\/\/gcloudvn.com\/wp-content\/uploads\/2023\/11\/unnamed-21-768x358.jpg 768w, https:\/\/gcloudvn.com\/wp-content\/uploads\/2023\/11\/unnamed-21-18x8.jpg 18w\" sizes=\"auto, (max-width: 1069px) 100vw, 1069px\" \/><\/div>\n\t\t<\/figure>\n\t<\/div>\n<div class=\"vc_empty_space\"   style=\"height: 10px\"><span class=\"vc_empty_space_inner\"><\/span><\/div><\/div><\/div><\/div><\/div><div class=\"vc_row-full-width vc_clearfix\"><\/div><div data-vc-full-width=\"true\" data-vc-full-width-init=\"false\" class=\"vc_row wpb_row vc_row-fluid vc_custom_1681887147867 vc_row-o-content-middle vc_row-flex wpex-vc_row-has-fill wpex-vc-row-stretched no-bottom-margins\"><div class=\"wpb_column vc_column_container vc_col-sm-12\"><div class=\"vc_column-inner\"><div class=\"wpb_wrapper\"><div class=\"templatera_shortcode\"><style type=\"text\/css\" data-type=\"vc_shortcodes-custom-css\">.vc_custom_1624244715737{background-color: #f4f9fc !important;}.vc_custom_1629763325433{border-radius: 15px !important;}.vc_custom_1629763316971{border-radius: 15px !important;}.vc_custom_1629692869517{border-radius: 15px !important;}<\/style><div data-vc-full-width=\"true\" data-vc-full-width-init=\"false\" class=\"vc_row wpb_row vc_row-fluid vc_custom_1624244715737 wpex-vc_row-has-fill wpex-vc-row-stretched\"><div class=\"wpb_column vc_column_container vc_col-sm-12\"><div class=\"vc_column-inner\"><div class=\"wpb_wrapper\"><div class=\"vcex-spacing wpex-w-100 wpex-clear\" style=\"height:80px\"><\/div><h1 class=\"vcex-heading vcex-module wpex-text-2xl wpex-font-normal wpex-m-auto wpex-max-w-100 vcex-heading-plain wpex-block wpex-text-center  wpb_animate_when_almost_visible wpb_fadeIn fadeIn\" style=\"font-size:40px;letter-spacing:.3px;font-weight:600;\"><span class=\"vcex-heading-inner wpex-inline-block wpex-clr\">WHY CHOOSE GIMASYS<\/span><\/h1><div class=\"vcex-spacing wpex-w-100 wpex-clear\" style=\"height:40px\"><\/div><div class=\"vc_row wpb_row vc_inner vc_row-fluid home-vi-sao vc_row-o-equal-height vc_row-flex\"><div class=\"wpb_column vc_column_container vc_col-sm-4\"><div class=\"vc_column-inner\"><div class=\"wpb_wrapper\"><div class=\"wpb_animate_when_almost_visible wpb_fadeIn fadeIn\"><div class=\"vcex-module vcex-icon-box vcex-icon-box-two wpex-relative wpex-shadow-sm wpex-hover-shadow-lg wpex-transition-shadow wpex-duration-300 wpex-p-30 wpex-text-center vc_custom_1629763325433\" style=\"background-color:#ffffff;\"><div class=\"vcex-icon-box-symbol wpex-mb-20\"><div class=\"vcex-icon-box-icon wpex-inline-flex wpex-items-center wpex-justify-center wpex-child-inherit-color wpex-text-center wpex-leading-none wpex-text-black\" style=\"color:#ffffff;font-size:55px;border-radius:50%;background:#1a73e8;width:120px;height:120px;\"><span class=\"ticon ticon-briefcase rings-animate delay-10\" aria-hidden=\"true\"><\/span><\/div><\/a><\/div><div class=\"vcex-icon-box-text\"><h2 class=\"vcex-icon-box-heading wpex-heading wpex-text-md wpex-mb-10\" style=\"font-size:18px;\">More than 10 years of experience<\/h2><div class=\"vcex-icon-box-content wpex-last-mb-0 wpex-clr\"><p>Gimasys is a strategic partner of Google in Vietnam with more than 10 years of experience, with some typical customers such as Jetstart, Dien Quan, Jolibee, Novaland, Yeah1, Momo, Heniken, Bim Group...<\/p>\n<\/div><\/div><\/div><\/div><\/div><\/div><\/div><div class=\"wpb_column vc_column_container vc_col-sm-4\"><div class=\"vc_column-inner\"><div class=\"wpb_wrapper\"><div class=\"wpb_animate_when_almost_visible wpb_fadeIn fadeIn\"><div class=\"vcex-module vcex-icon-box vcex-icon-box-two wpex-relative wpex-shadow-sm wpex-hover-shadow-lg wpex-transition-shadow wpex-duration-300 wpex-p-30 wpex-text-center vc_custom_1629763316971\" style=\"background-color:#ffffff;\"><div class=\"vcex-icon-box-symbol wpex-mb-20\"><div class=\"vcex-icon-box-icon wpex-inline-flex wpex-items-center wpex-justify-center wpex-child-inherit-color wpex-text-center wpex-leading-none wpex-text-black\" style=\"color:#ffffff;font-size:55px;border-radius:50%;background:#1a73e8;width:120px;height:120px;\"><span class=\"ticon ticon-diamond rings-animate delay-30\" aria-hidden=\"true\"><\/span><\/div><\/a><\/div><div class=\"vcex-icon-box-text\"><h2 class=\"vcex-icon-box-heading wpex-heading wpex-text-md wpex-mb-10\" style=\"font-size:18px;\">Best customer service<\/h2><div class=\"vcex-icon-box-content wpex-last-mb-0 wpex-clr\"><p>Gimasys is the first partner in Vietnam to build a customer support system in accordance with Google standards, from consulting to implementation. 24\/7 online technical team for customer support.<\/p>\n<\/div><\/div><\/div><\/div><\/div><\/div><\/div><div class=\"wpb_column vc_column_container vc_col-sm-4\"><div class=\"vc_column-inner\"><div class=\"wpb_wrapper\"><div class=\"wpb_animate_when_almost_visible wpb_fadeIn fadeIn\"><div class=\"vcex-module vcex-icon-box vcex-icon-box-two wpex-relative wpex-shadow-sm wpex-hover-shadow-lg wpex-transition-shadow wpex-duration-300 wpex-p-30 wpex-text-center vc_custom_1629692869517\" style=\"background-color:#ffffff;\"><div class=\"vcex-icon-box-symbol wpex-mb-20\"><div class=\"vcex-icon-box-icon wpex-inline-flex wpex-items-center wpex-justify-center wpex-child-inherit-color wpex-text-center wpex-leading-none wpex-text-black\" style=\"color:#ffffff;font-size:55px;border-radius:50%;background:#1a73e8;width:120px;height:120px;\"><span class=\"ticon ticon-users rings-animate delay-50\" aria-hidden=\"true\"><\/span><\/div><\/a><\/div><div class=\"vcex-icon-box-text\"><h2 class=\"vcex-icon-box-heading wpex-heading wpex-text-md wpex-mb-10\" style=\"font-size:18px;\">Always for the benefit of the customer<\/h2><div class=\"vcex-icon-box-content wpex-last-mb-0 wpex-clr\"><p>Your success is the success of Gimasys. We always try our best to bring the right technology solutions for each business at the most favorable prices in the market.<\/p>\n<\/div><\/div><\/div><\/div><\/div><\/div><\/div><\/div><div class=\"vcex-spacing wpex-w-100 wpex-clear\" style=\"height:80px\"><\/div><\/div><\/div><\/div><\/div><div class=\"vc_row-full-width vc_clearfix\"><\/div><\/div><\/div><\/div><\/div><\/div><div class=\"vc_row-full-width vc_clearfix\"><\/div><div data-vc-full-width=\"true\" data-vc-full-width-init=\"false\" class=\"vc_row wpb_row vc_row-fluid vc_custom_1673678937183 vc_row-o-content-middle vc_row-flex wpex-vc_row-has-fill wpex-vc-row-stretched no-bottom-margins\"><div class=\"wpb_column vc_column_container vc_col-sm-2\"><div class=\"vc_column-inner\"><div class=\"wpb_wrapper\"><\/div><\/div><\/div><div class=\"wpb_column vc_column_container vc_col-sm-8\"><div class=\"vc_column-inner\"><div class=\"wpb_wrapper\"><div class=\"vcex-spacing wpex-w-100 wpex-clear\" style=\"height:80px\"><\/div><div class=\"vcex-heading vcex-module wpex-text-2xl wpex-font-normal wpex-m-auto wpex-max-w-100 vcex-heading-plain wpex-block wpex-text-center\" style=\"color:#ffffff;font-size:36px;font-weight:700;\"><span class=\"vcex-heading-inner wpex-inline-block wpex-clr\">REGISTER TO EXPERIENCE NOW<\/span><\/div><div class=\"vcex-spacing wpex-w-100 wpex-clear\" style=\"height:20px\"><\/div>\n\t<div style=\"color:#ffffff;font-size:18px;text-align:center;line-height:34px;\" class=\"wpb_text_column has-custom-color wpex-child-inherit-color wpb_content_element\" >\n\t\t<div class=\"wpb_wrapper\">\n\t\t\t<p>T\u1ef1 h\u00e0o l\u00e0 1 trong nh\u1eefng Premier Partner c\u1ee7a Google ti\u00ean phong trong l\u0129nh v\u1ef1c GENAI<br \/>\n\u0110\u0103ng k\u00fd tr\u1ea3i nghi\u1ec7m mi\u1ec5n ph\u00ed ngay h\u00f4m nay<\/p>\n\n\t\t<\/div>\n\t<\/div>\n<div class=\"vcex-spacing wpex-w-100 wpex-clear\" style=\"height:20px\"><\/div><div class=\"textcenter theme-button-wrap wpex-clr\"><a href=\"https:\/\/gcloudvn.com\/en\/dang-ky-dung-thu\/\" class=\"vcex-button theme-button align-center inline\" style=\"font-size:18px;\"><span class=\"theme-button-inner\">REGISTER NOW<\/span><\/a><\/div> <div class=\"vcex-spacing wpex-w-100 wpex-clear\" style=\"height:80px\"><\/div><\/div><\/div><\/div><div class=\"wpb_column vc_column_container vc_col-sm-2\"><div class=\"vc_column-inner\"><div class=\"wpb_wrapper\"><\/div><\/div><\/div><\/div><div class=\"vc_row-full-width vc_clearfix\"><\/div>\n<\/section>","protected":false},"excerpt":{"rendered":"EBOOK \"THE EXECUTIVE GUIDE TO GENAI\" Gimasys \u2013 \u0111\u1ed1i t\u00e1c c\u1ea5p cao c\u1ee7a Google Cloud t\u1ea1i Vi\u1ec7t Nam \u0111\u1ed3ng h\u00e0nh c\u00f9ng doanh nghi\u1ec7p trong qu\u00e1 tr\u00ecnh chuy\u1ec3n \u0111\u1ed5i s\u1ed1 v\u1edbi GenAI\u00a0 V\u1edbi h\u01a1n 10 n\u0103m kinh nghi\u1ec7m trong vi\u1ec7c t\u01b0&hellip;","protected":false},"author":2,"featured_media":0,"parent":0,"menu_order":41,"comment_status":"closed","ping_status":"closed","template":"","meta":{"inline_featured_image":false,"footnotes":""},"class_list":["post-20302","page","type-page","status-publish","hentry","entry","no-media"],"_links":{"self":[{"href":"https:\/\/gcloudvn.com\/en\/wp-json\/wp\/v2\/pages\/20302","targetHints":{"allow":["GET"]}}],"collection":[{"href":"https:\/\/gcloudvn.com\/en\/wp-json\/wp\/v2\/pages"}],"about":[{"href":"https:\/\/gcloudvn.com\/en\/wp-json\/wp\/v2\/types\/page"}],"author":[{"embeddable":true,"href":"https:\/\/gcloudvn.com\/en\/wp-json\/wp\/v2\/users\/2"}],"replies":[{"embeddable":true,"href":"https:\/\/gcloudvn.com\/en\/wp-json\/wp\/v2\/comments?post=20302"}],"version-history":[{"count":0,"href":"https:\/\/gcloudvn.com\/en\/wp-json\/wp\/v2\/pages\/20302\/revisions"}],"wp:attachment":[{"href":"https:\/\/gcloudvn.com\/en\/wp-json\/wp\/v2\/media?parent=20302"}],"curies":[{"name":"wp","href":"https:\/\/api.w.org\/{rel}","templated":true}]}}