{"id":21066,"date":"2024-12-27T16:18:58","date_gmt":"2024-12-27T09:18:58","guid":{"rendered":"https:\/\/gcloudvn.com\/?page_id=21066"},"modified":"2024-12-27T16:22:26","modified_gmt":"2024-12-27T09:22:26","slug":"dang-ky-nhan-tai-lieu-19-12","status":"publish","type":"page","link":"https:\/\/gcloudvn.com\/en\/dang-ky-nhan-catalog\/","title":{"rendered":"\u0110\u0103ng k\u00fd nh\u1eadn Catalog"},"content":{"rendered":"<section class=\"wpb-content-wrapper\"><div data-vc-full-width=\"true\" data-vc-full-width-init=\"false\" class=\"vc_row wpb_row vc_row-fluid vc_custom_1735198407630 wpex-vc_row-has-fill wpex-vc-row-stretched\" style=\"background-position:top center !important;background-size:100% 68% !important;\"><div class=\"wpb_column vc_column_container vc_col-sm-12\"><div class=\"vc_column-inner\"><div class=\"wpb_wrapper\"><div class=\"vc_row wpb_row vc_inner vc_row-fluid sign-up-box vc_custom_1634701875614 vc_row-o-equal-height vc_row-o-content-middle vc_row-flex wpex-vc_row-has-fill no-bottom-margins wpex-vc-reset-negative-margin\"><div class=\"wpb_column vc_column_container vc_col-sm-8 wpex-vc_col-has-fill\"><div class=\"vc_column-inner vc_custom_1634698316960\"><div class=\"wpb_wrapper\"><h2 class=\"vcex-heading vcex-module wpex-text-2xl wpex-font-normal wpex-m-auto wpex-max-w-100 vcex-heading-plain wpex-block wpex-text-center wpex-responsive-txt\" data-max-font-size=\"26\" data-min-font-size=\"20\" style=\"font-size:26px;letter-spacing:.3px;font-weight:700;text-transform:uppercase;\"><span class=\"vcex-heading-inner wpex-inline-block wpex-clr\">\u0110\u0102NG K\u00dd NH\u1eacN CATALOG<\/span><\/h2><div class=\"vc_separator wpb_content_element vc_separator_align_center vc_sep_width_20 vc_sep_pos_align_center vc_separator_no_text vc_sep_color_sky\" ><span class=\"vc_sep_holder vc_sep_holder_l\"><span class=\"vc_sep_line\"><\/span><\/span><span class=\"vc_sep_holder vc_sep_holder_r\"><span class=\"vc_sep_line\"><\/span><\/span>\n<\/div>\n\t<div class=\"wpb_text_column wpb_content_element\" >\n\t\t<div class=\"wpb_wrapper\">\n\t\t\t<div class=\"elementor-element elementor-element-62a24f3 elementor-widget elementor-widget-text-editor\" data-id=\"62a24f3\" data-element_type=\"widget\" data-widget_type=\"text-editor.default\">\n<div class=\"elementor-widget-container\">\n<div class=\"elementor-text-editor elementor-clearfix\">\n<p style=\"text-align: center;\">Vui l\u00f2ng nh\u1eadp th\u00f4ng tin c\u1ee7a b\u1ea1n \u0111\u1ec3 nh\u1eadn t\u00e0i li\u1ec7u mi\u1ec5n ph\u00ed t\u1eeb Google<\/p>\n<\/div>\n<\/div>\n<\/div>\n\n\t\t<\/div>\n\t<\/div>\n<div class=\"vcex-spacing wpex-w-100 wpex-clear\" style=\"height:20px\"><\/div>\n<div class=\"wpcf7 no-js\" id=\"wpcf7-f21065-o1\" lang=\"vi\" dir=\"ltr\" data-wpcf7-id=\"21065\">\n<div class=\"screen-reader-response\"><p role=\"status\" aria-live=\"polite\" aria-atomic=\"true\"><\/p> <ul><\/ul><\/div>\n<form action=\"\/en\/wp-json\/wp\/v2\/pages\/21066#wpcf7-f21065-o1\" method=\"post\" class=\"wpcf7-form init\" aria-label=\"Contact form\" novalidate=\"novalidate\" data-status=\"init\" data-trp-original-action=\"\/en\/wp-json\/wp\/v2\/pages\/21066#wpcf7-f21065-o1\">\n<fieldset class=\"hidden-fields-container\"><input type=\"hidden\" name=\"_wpcf7\" value=\"21065\" \/><input type=\"hidden\" name=\"_wpcf7_version\" value=\"6.1.4\" \/><input type=\"hidden\" name=\"_wpcf7_locale\" value=\"vi\" \/><input type=\"hidden\" name=\"_wpcf7_unit_tag\" value=\"wpcf7-f21065-o1\" \/><input type=\"hidden\" name=\"_wpcf7_container_post\" value=\"0\" \/><input type=\"hidden\" name=\"_wpcf7_posted_data_hash\" value=\"\" \/><input type=\"hidden\" name=\"_wpcf7_recaptcha_response\" value=\"\" \/>\n<\/fieldset>\n<div class=\"wpb_column vc_column_container vc_col-sm-6\" style=\"padding: 0 10px;\">\n\t<div class=\"input-item\">\n\t\t<p><span class=\"ticon ticon-user\"><\/span>\n\t\t<\/p>\n\t\t<p style=\"margin-bottom: 0px;\">\n\t\t<\/p>\n\t\t<p class=\"field\"><span class=\"wpcf7-form-control-wrap\" data-name=\"your-name\"><input size=\"40\" maxlength=\"400\" class=\"wpcf7-form-control wpcf7-text wpcf7-validates-as-required comm-field\" aria-required=\"true\" aria-invalid=\"false\" placeholder=\"First and last name *\" value=\"\" type=\"text\" name=\"your-name\" \/><\/span>\n\t\t<\/p>\n\t<\/div>\n<\/div>\n<div class=\"wpb_column vc_column_container vc_col-sm-6\" style=\"padding: 0 10px;\">\n\t<div class=\"input-item\">\n\t\t<p><span class=\"ticon ticon-phone\"><\/span>\n\t\t<\/p>\n\t\t<p style=\"margin-bottom: 0px;\">\n\t\t<\/p>\n\t\t<p class=\"field\"><span class=\"wpcf7-form-control-wrap\" data-name=\"your-phone\"><input size=\"40\" maxlength=\"400\" class=\"wpcf7-form-control wpcf7-tel wpcf7-validates-as-required wpcf7-text wpcf7-validates-as-tel comm-field\" aria-required=\"true\" aria-invalid=\"false\" placeholder=\"Phone number *\" value=\"\" type=\"tel\" name=\"your-phone\" \/><\/span>\n\t\t<\/p>\n\t<\/div>\n<\/div>\n<div class=\"wpb_column vc_column_container vc_col-sm-6\" style=\"padding: 0 10px;\">\n\t<div class=\"input-item\">\n\t\t<p><span class=\"ticon ticon-briefcase\"><\/span>\n\t\t<\/p>\n\t\t<p style=\"margin-bottom: 0px;\">\n\t\t<\/p>\n\t\t<p class=\"field\"><span class=\"wpcf7-form-control-wrap\" data-name=\"your-company\"><input size=\"40\" maxlength=\"400\" class=\"wpcf7-form-control wpcf7-text wpcf7-validates-as-required comm-field\" aria-required=\"true\" aria-invalid=\"false\" placeholder=\"Company&#039;s name *\" value=\"\" type=\"text\" name=\"your-company\" \/><\/span>\n\t\t<\/p>\n\t<\/div>\n<\/div>\n<div class=\"wpb_column vc_column_container vc_col-sm-6\" style=\"padding: 0 10px;\">\n\t<div class=\"input-item\">\n\t\t<p><span class=\"ticon ticon-envelope\"><\/span>\n\t\t<\/p>\n\t\t<p style=\"margin-bottom: 0px;\">\n\t\t<\/p>\n\t\t<p class=\"field\"><span class=\"wpcf7-form-control-wrap\" data-name=\"your-email\"><input size=\"40\" maxlength=\"400\" class=\"wpcf7-form-control wpcf7-email wpcf7-validates-as-required wpcf7-text wpcf7-validates-as-email comm-field\" aria-required=\"true\" aria-invalid=\"false\" placeholder=\"Email address *\" value=\"\" type=\"email\" name=\"your-email\" \/><\/span>\n\t\t<\/p>\n\t<\/div>\n<\/div>\n<div class=\"wpb_column vc_column_container vc_col-sm-6\" style=\"padding: 0 10px;\">\n\t<div class=\"input-item\">\n\t\t<p><span class=\"ticon ticon-paper-plane\" style=\"visibility:hidden !important;\"><\/span>\n\t\t<\/p>\n\t\t<p style=\"margin-bottom: 0px;\">\n\t\t<\/p>\n\t\t<p class=\"sign-up\"><input class=\"wpcf7-form-control wpcf7-submit has-spinner\" type=\"submit\" value=\"DOWNLOAD CATALOG\" \/>\n\t\t<\/p>\n\t\t<div class=\"spin-form\">\n\t\t\t<p><span class=\"ajax-loader\"><\/span>\n\t\t\t<\/p>\n\t\t<\/div>\n\t<\/div>\n\t<div class=\"input-item thong-bao\">\n\t<div class=\"wpcf7-response-output\" aria-hidden=\"true\"><\/div>\n\t<\/div>\n<\/div>\n<input type=\"hidden\" name=\"trp-form-language\" value=\"en\"\/><\/form>\n<\/div>\n<div class=\"vcex-spacing wpex-w-100 wpex-clear\" style=\"height:40px\"><\/div><\/div><\/div><\/div><div class=\"wpb_column vc_column_container vc_col-sm-4 wpex-vc_col-has-fill\"><div class=\"vc_column-inner vc_custom_1634698280910\"><div class=\"wpb_wrapper\"><\/div><\/div><\/div><\/div><\/div><\/div><\/div><\/div><div class=\"vc_row-full-width vc_clearfix\"><\/div>\n<\/section>","protected":false},"excerpt":{"rendered":"\u0110\u0102NG K\u00dd NH\u1eacN CATALOG Vui l\u00f2ng nh\u1eadp th\u00f4ng tin c\u1ee7a b\u1ea1n \u0111\u1ec3 nh\u1eadn t\u00e0i li\u1ec7u mi\u1ec5n ph\u00ed t\u1eeb Google","protected":false},"author":2,"featured_media":0,"parent":0,"menu_order":0,"comment_status":"closed","ping_status":"closed","template":"","meta":{"inline_featured_image":false,"footnotes":""},"class_list":["post-21066","page","type-page","status-publish","hentry","entry","no-media"],"_links":{"self":[{"href":"https:\/\/gcloudvn.com\/en\/wp-json\/wp\/v2\/pages\/21066","targetHints":{"allow":["GET"]}}],"collection":[{"href":"https:\/\/gcloudvn.com\/en\/wp-json\/wp\/v2\/pages"}],"about":[{"href":"https:\/\/gcloudvn.com\/en\/wp-json\/wp\/v2\/types\/page"}],"author":[{"embeddable":true,"href":"https:\/\/gcloudvn.com\/en\/wp-json\/wp\/v2\/users\/2"}],"replies":[{"embeddable":true,"href":"https:\/\/gcloudvn.com\/en\/wp-json\/wp\/v2\/comments?post=21066"}],"version-history":[{"count":0,"href":"https:\/\/gcloudvn.com\/en\/wp-json\/wp\/v2\/pages\/21066\/revisions"}],"wp:attachment":[{"href":"https:\/\/gcloudvn.com\/en\/wp-json\/wp\/v2\/media?parent=21066"}],"curies":[{"name":"wp","href":"https:\/\/api.w.org\/{rel}","templated":true}]}}