{"id":3859,"date":"2021-07-30T07:29:07","date_gmt":"2021-07-30T00:29:07","guid":{"rendered":"http:\/\/gcloudvn.wam.vn\/?page_id=3859"},"modified":"2023-01-17T16:08:34","modified_gmt":"2023-01-17T09:08:34","slug":"dang-ky-su-kien","status":"publish","type":"page","link":"https:\/\/gcloudvn.com\/en\/dang-ky-su-kien\/","title":{"rendered":"Event registration"},"content":{"rendered":"<section class=\"wpb-content-wrapper\"><div data-vc-full-width=\"true\" data-vc-full-width-init=\"false\" data-vc-stretch-content=\"true\" class=\"vc_row wpb_row vc_row-fluid vc_row-no-padding vc_row-o-content-middle vc_row-flex wpex-vc-row-stretched no-bottom-margins\"><div class=\"wpb_column vc_column_container vc_col-sm-12\"><div class=\"vc_column-inner\"><div class=\"wpb_wrapper\"><figure class=\"vcex-image vcex-module wpex-clr textcenter\"><div class=\"vcex-image-inner wpex-inline-block wpex-relative\"><img decoding=\"async\" width=\"1600\" height=\"600\" src=\"https:\/\/gcloudvn.com\/wp-content\/uploads\/2023\/01\/Customer-Engineer-gOOGLE-cLOUD-34.png\" class=\"wpex-align-middle\" alt=\"\" loading=\"lazy\" srcset=\"https:\/\/gcloudvn.com\/wp-content\/uploads\/2023\/01\/Customer-Engineer-gOOGLE-cLOUD-34.png 1600w, https:\/\/gcloudvn.com\/wp-content\/uploads\/2023\/01\/Customer-Engineer-gOOGLE-cLOUD-34-300x113.png 300w, https:\/\/gcloudvn.com\/wp-content\/uploads\/2023\/01\/Customer-Engineer-gOOGLE-cLOUD-34-1024x384.png 1024w, https:\/\/gcloudvn.com\/wp-content\/uploads\/2023\/01\/Customer-Engineer-gOOGLE-cLOUD-34-768x288.png 768w, https:\/\/gcloudvn.com\/wp-content\/uploads\/2023\/01\/Customer-Engineer-gOOGLE-cLOUD-34-1536x576.png 1536w, https:\/\/gcloudvn.com\/wp-content\/uploads\/2023\/01\/Customer-Engineer-gOOGLE-cLOUD-34-18x7.png 18w\" sizes=\"auto, (max-width: 1600px) 100vw, 1600px\" \/><\/div><\/figure><\/div><\/div><\/div><\/div><div class=\"vc_row-full-width vc_clearfix\"><\/div><div data-vc-full-width=\"true\" data-vc-full-width-init=\"false\" class=\"vc_row wpb_row vc_row-fluid vc_row-o-content-middle vc_row-flex wpex-vc-row-stretched no-bottom-margins\"><div class=\"wpb_column vc_column_container vc_col-sm-6\"><div class=\"vc_column-inner\"><div class=\"wpb_wrapper\"><div class=\"vcex-spacing wpex-w-100 wpex-clear\" style=\"height:40px\"><\/div><div class=\"vcex-heading vcex-module wpex-text-2xl wpex-font-normal wpex-m-auto wpex-max-w-100 vcex-heading-plain wpex-block wpex-text-center\" style=\"font-size:30px;font-weight:700;\"><span class=\"vcex-heading-inner wpex-inline-block wpex-clr\">Why should you register to attend the Event?<\/span><\/div><div class=\"vcex-spacing wpex-w-100 wpex-clear\" style=\"height:40px\"><\/div><div class=\"vcex-module vcex-icon-box vcex-icon-box-one wpex-relative wpex-flex wpex-text-left\"><div class=\"vcex-icon-box-symbol wpex-flex-shrink-0 wpex-mr-20\"><img decoding=\"async\" loading=\"lazy\" class=\"vcex-icon-box-image wpex-align-middle\" src=\"https:\/\/gcloudvn.com\/wp-content\/uploads\/2023\/01\/benefit1-icon.svg\" alt=\"\" width=\"40\" height=\"35\" \/><\/a><\/div><div class=\"vcex-icon-box-text wpex-flex-grow\"><h3 class=\"vcex-icon-box-heading wpex-heading wpex-text-md wpex-mb-10\" style=\"font-size:24px;\">Benefits 1<\/h3><div class=\"vcex-icon-box-content wpex-last-mb-0 wpex-clr\" style=\"font-size:18px;\"><div id=\"lp-pom-text-169\" class=\"lp-element lp-pom-text nlh\">\n<div id=\"lp-pom-text-128\" class=\"lp-element lp-pom-text nlh\">\n<p>Stay up to date on Google&#039;s latest Advanced Analytics solutions<\/p>\n<\/div>\n<\/div>\n<\/div><\/div><\/div><div class=\"vcex-spacing wpex-w-100 wpex-clear\" style=\"height:40px\"><\/div><div class=\"vcex-module vcex-icon-box vcex-icon-box-one wpex-relative wpex-flex wpex-text-left\"><div class=\"vcex-icon-box-symbol wpex-flex-shrink-0 wpex-mr-20\"><img decoding=\"async\" loading=\"lazy\" class=\"vcex-icon-box-image wpex-align-middle\" src=\"https:\/\/gcloudvn.com\/wp-content\/uploads\/2023\/01\/benefit2-icon.svg\" alt=\"\" width=\"42\" height=\"38\" \/><\/a><\/div><div class=\"vcex-icon-box-text wpex-flex-grow\"><h3 class=\"vcex-icon-box-heading wpex-heading wpex-text-md wpex-mb-10\" style=\"font-size:24px;\">Benefits 2<\/h3><div class=\"vcex-icon-box-content wpex-last-mb-0 wpex-clr\" style=\"font-size:18px;\"><div id=\"lp-pom-text-169\" class=\"lp-element lp-pom-text nlh\">\n<div id=\"lp-pom-text-250\" class=\"lp-element lp-pom-text nlh\">\n<div id=\"lp-pom-text-129\" class=\"lp-element lp-pom-text nlh\">\n<p>Google&#039;s orientation for Advanced Analytics solutions, Cloud Marketing solutions<\/p>\n<\/div>\n<\/div>\n<\/div>\n<\/div><\/div><\/div><div class=\"vcex-spacing wpex-w-100 wpex-clear\" style=\"height:40px\"><\/div><div class=\"vcex-module vcex-icon-box vcex-icon-box-one wpex-relative wpex-flex wpex-text-left\"><div class=\"vcex-icon-box-symbol wpex-flex-shrink-0 wpex-mr-20\"><img decoding=\"async\" loading=\"lazy\" class=\"vcex-icon-box-image wpex-align-middle\" src=\"https:\/\/gcloudvn.com\/wp-content\/uploads\/2023\/01\/benefit3-icon.svg\" alt=\"\" width=\"41\" height=\"42\" \/><\/a><\/div><div class=\"vcex-icon-box-text wpex-flex-grow\"><h3 class=\"vcex-icon-box-heading wpex-heading wpex-text-md wpex-mb-10\" style=\"font-size:24px;\">Benefits 3<\/h3><div class=\"vcex-icon-box-content wpex-last-mb-0 wpex-clr\" style=\"font-size:18px;\"><div id=\"lp-pom-text-169\" class=\"lp-element lp-pom-text nlh\">\n<div id=\"lp-pom-text-255\" class=\"lp-element lp-pom-text nlh\">\n<div id=\"lp-pom-text-130\" class=\"lp-element lp-pom-text nlh\">\n<p>An overview of common use cases in advanced analytics to capture customer data files in the Marketing field<\/p>\n<\/div>\n<\/div>\n<\/div>\n<\/div><\/div><\/div><div class=\"vcex-spacing wpex-w-100 wpex-clear\" style=\"height:40px\"><\/div><\/div><\/div><\/div><div class=\"wpb_column vc_column_container vc_col-sm-6\"><div class=\"vc_column-inner\"><div class=\"wpb_wrapper\"><div class=\"vcex-shortcode wpex-clr\">\n<div class=\"wpcf7 no-js\" id=\"wpcf7-f10464-o1\" lang=\"vi\" dir=\"ltr\" data-wpcf7-id=\"10464\">\n<div class=\"screen-reader-response\"><p role=\"status\" aria-live=\"polite\" aria-atomic=\"true\"><\/p> <ul><\/ul><\/div>\n<form action=\"\/en\/wp-json\/wp\/v2\/pages\/3859#wpcf7-f10464-o1\" method=\"post\" class=\"wpcf7-form init\" aria-label=\"Contact form\" novalidate=\"novalidate\" data-status=\"init\" data-trp-original-action=\"\/en\/wp-json\/wp\/v2\/pages\/3859#wpcf7-f10464-o1\">\n<fieldset class=\"hidden-fields-container\"><input type=\"hidden\" name=\"_wpcf7\" value=\"10464\" \/><input type=\"hidden\" name=\"_wpcf7_version\" value=\"6.1.4\" \/><input type=\"hidden\" name=\"_wpcf7_locale\" value=\"vi\" \/><input type=\"hidden\" name=\"_wpcf7_unit_tag\" value=\"wpcf7-f10464-o1\" \/><input type=\"hidden\" name=\"_wpcf7_container_post\" value=\"0\" \/><input type=\"hidden\" name=\"_wpcf7_posted_data_hash\" value=\"\" \/><input type=\"hidden\" name=\"_wpcf7_recaptcha_response\" value=\"\" \/>\n<\/fieldset>\n<div class=\"booking-event-form-new\">\n\t<h3 class=\"mec-speakers mec-frontbox-title\" style=\"text-align: center; color: #fff;\">EVENT REGISTRATION FORM\n\t<\/h3>\n\t<div class=\"wpb_column vc_column_container vc_col-sm-12\" style=\"padding: 0 10px;\">\n\t\t<div class=\"input-item\">\n\t\t\t<p class=\"field\"><span class=\"wpcf7-form-control-wrap\" data-name=\"your-name\"><input size=\"40\" maxlength=\"400\" class=\"wpcf7-form-control wpcf7-text wpcf7-validates-as-required comm-field\" aria-required=\"true\" aria-invalid=\"false\" placeholder=\"First and last name *\" value=\"\" type=\"text\" name=\"your-name\" \/><\/span>\n\t\t\t<\/p>\n\t\t<\/div>\n\t<\/div>\n\t<div class=\"wpb_column vc_column_container vc_col-sm-12\" style=\"padding: 0 10px;\">\n\t\t<div class=\"input-item\">\n\t\t\t<p class=\"field\"><span class=\"wpcf7-form-control-wrap\" data-name=\"your-phone\"><input size=\"40\" maxlength=\"400\" class=\"wpcf7-form-control wpcf7-tel wpcf7-validates-as-required wpcf7-text wpcf7-validates-as-tel comm-field\" aria-required=\"true\" aria-invalid=\"false\" placeholder=\"Phone number *\" value=\"\" type=\"tel\" name=\"your-phone\" \/><\/span>\n\t\t\t<\/p>\n\t\t<\/div>\n\t<\/div>\n\t<div class=\"wpb_column vc_column_container vc_col-sm-12\" style=\"padding: 0 10px;\">\n\t\t<div class=\"input-item\">\n\t\t\t<p class=\"field\"><span class=\"wpcf7-form-control-wrap\" data-name=\"your-email\"><input size=\"40\" maxlength=\"400\" class=\"wpcf7-form-control wpcf7-email wpcf7-validates-as-required wpcf7-text wpcf7-validates-as-email comm-field\" aria-required=\"true\" aria-invalid=\"false\" placeholder=\"Email address *\" value=\"\" type=\"email\" name=\"your-email\" \/><\/span>\n\t\t\t<\/p>\n\t\t<\/div>\n\t<\/div>\n\t<div class=\"wpb_column vc_column_container vc_col-sm-12\" style=\"padding: 0 10px;\">\n\t\t<div class=\"input-item\">\n\t\t\t<p class=\"field\"><span class=\"wpcf7-form-control-wrap\" data-name=\"your-company\"><input size=\"40\" maxlength=\"400\" class=\"wpcf7-form-control wpcf7-text wpcf7-validates-as-required comm-field\" aria-required=\"true\" aria-invalid=\"false\" placeholder=\"Company&#039;s name *\" value=\"\" type=\"text\" name=\"your-company\" \/><\/span>\n\t\t\t<\/p>\n\t\t<\/div>\n\t<\/div>\n\t<div class=\"wpb_column vc_column_container vc_col-sm-12\" style=\"padding: 0 10px;\">\n\t\t<div class=\"input-item\">\n\t\t\t<p class=\"field\"><span class=\"wpcf7-form-control-wrap\" data-name=\"chuc-vu\"><input size=\"40\" maxlength=\"400\" class=\"wpcf7-form-control wpcf7-text wpcf7-validates-as-required comm-field\" aria-required=\"true\" aria-invalid=\"false\" placeholder=\"Position *\" value=\"\" type=\"text\" name=\"chuc-vu\" \/><\/span>\n\t\t\t<\/p>\n\t\t<\/div>\n\t<\/div>\n\t<div class=\"wpb_column vc_column_container vc_col-sm-12\" style=\"padding: 0 10px;\">\n\t\t<div class=\"input-item\">\n\t\t\t<p class=\"field\"><span class=\"wpcf7-form-control-wrap\" data-name=\"trang-thai\"><select class=\"wpcf7-form-control wpcf7-select lien-he-choose\" aria-invalid=\"false\" name=\"trang-thai\"><option value=\"T\u00ecnh tr\u1ea1ng chuy\u1ec3n \u0111\u1ed5i l\u00ean Cloud c\u1ee7a doanh nghi\u1ec7p b\u1ea1n?\">The status of your business&#039;s transition to the Cloud?<\/option><option value=\"Ch\u01b0a c\u00f3 \u0111\u1ecbnh h\u01b0\u1edbng chuy\u1ec3n \u0111\u1ed5i, \u0111ang \u1edf giai \u0111o\u1ea1n t\u00ecm hi\u1ec3u th\u00f4ng tin v\u1ec1 Cloud\">No conversion orientation yet, currently in the stage of learning information about Cloud<\/option><option value=\"\u0110\u00e3 c\u00f3 \u0111\u1ecbnh h\u01b0\u1edbng chuy\u1ec3n \u0111\u1ed5i l\u00ean Cloud, \u0111ang t\u00ecm hi\u1ec3u th\u00f4ng tin \u0111\u1ec3 l\u00ean k\u1ebf ho\u1ea1ch ph\u00f9 h\u1ee3p\">Already planning to convert to the Cloud, looking for information to plan accordingly<\/option><option value=\"\u0110\u00e3 l\u00ean k\u1ebf ho\u1ea1ch chuy\u1ec3n \u0111\u1ed5i nh\u01b0ng c\u1ea7n c\u1ee7ng c\u1ed1 th\u00eam ki\u1ebfn th\u1ee9c th\u00f4ng tin v\u1ec1 Cloud \u0111\u1ec3 c\u00f3 k\u1ebf ho\u1ea1ch tri\u1ec3n khai\">Have a conversion plan but need to consolidate more information knowledge about Cloud to have an implementation plan<\/option><option value=\"\u0110\u00e3 s\u1eed d\u1ee5ng c\u00e1c d\u1ecbch v\u1ee5 Cloud c\u1ee7a c\u00e1c \u0111\u01a1n v\u1ecb kh\u00e1c, gi\u1edd mu\u1ed1n t\u00ecm hi\u1ec3u th\u00eam th\u00f4ng tin v\u1ec1 Google Cloud\">Having used Cloud services from other units, now want to learn more information about Google Cloud<\/option><option value=\"\u0110\u00e3 s\u1eed d\u1ee5ng d\u1ecbch v\u1ee5 Google Cloud, c\u1ea7n h\u1ed7 tr\u1ee3 t\u01b0 v\u1ea5n t\u1ed1i \u01b0u h\u1ec7 th\u1ed1ng sao cho hi\u1ec7u qu\u1ea3 v\u00e0 ti\u1ebft ki\u1ec7m nh\u1ea5t\">Having used Google Cloud service, need consulting support to optimize the system for the most effective and economical way<\/option><option value=\"M\u1ee5c kh\u00e1c.\">Other item.<\/option><\/select><\/span>\n\t\t\t<\/p>\n\t\t<\/div>\n\t<\/div>\n\t<div class=\"wpb_column vc_column_container vc_col-sm-12\" style=\"padding: 0 10px;\">\n\t\t<div class=\"input-item\">\n\t\t\t<p class=\"field\"><span class=\"wpcf7-form-control-wrap\" data-name=\"quy-mo\"><select class=\"wpcf7-form-control wpcf7-select lien-he-choose\" aria-invalid=\"false\" name=\"quy-mo\"><option value=\"Quy m\u00f4 doanh nghi\u1ec7p c\u1ee7a b\u1ea1n?\">Size of your business?<\/option><option value=\"1-50\">1-50<\/option><option value=\"51-100\">51-100<\/option><option value=\"101-200\">101-200<\/option><option value=\"201-500\">201-500<\/option><option value=\"500-1000\">500-1000<\/option><option value=\"&gt;1000\">&gt;1000<\/option><\/select><\/span>\n\t\t\t<\/p>\n\t\t<\/div>\n\t<\/div>\n\t<div class=\"wpb_column vc_column_container vc_col-sm-12\" style=\"padding: 0 10px;\">\n\t\t<div class=\"input-item\">\n\t\t\t<p class=\"field\"><span class=\"wpcf7-form-control-wrap\" data-name=\"your-message\"><textarea cols=\"40\" rows=\"2\" maxlength=\"2000\" class=\"wpcf7-form-control wpcf7-textarea\" id=\"msg-contact\" aria-invalid=\"false\" placeholder=\"What do you want to discuss in the Event, please ask here?\" name=\"your-message\"><\/textarea><\/span>\n\t\t\t<\/p>\n\t\t<\/div>\n\t<\/div>\n\t<div class=\"wpb_column vc_column_container vc_col-sm-12\" style=\"padding: 0 10px;\">\n\t\t<div class=\"input-item\">\n\t\t\t<p class=\"sign-up\"><input class=\"wpcf7-form-control wpcf7-submit has-spinner\" type=\"submit\" value=\"REGISTRATION\" \/>\n\t\t\t<\/p>\n\t\t\t<div class=\"spin-form\">\n\t\t\t\t<p><span class=\"ajax-loader\"><\/span>\n\t\t\t\t<\/p>\n\t\t\t<\/div>\n\t\t<\/div>\n\t\t<div class=\"input-item thong-bao\">\n\t\t<div class=\"wpcf7-response-output\" aria-hidden=\"true\"><\/div>\n\t\t<\/div>\n\t<\/div>\n<\/div>\n<input type=\"hidden\" name=\"trp-form-language\" value=\"en\"\/><\/form>\n<\/div>\n<\/div><\/div><\/div><\/div><\/div><div class=\"vc_row-full-width vc_clearfix\"><\/div><div data-vc-full-width=\"true\" data-vc-full-width-init=\"false\" class=\"vc_row wpb_row vc_row-fluid vc_row-o-content-middle vc_row-flex wpex-vc-row-stretched no-bottom-margins\"><div class=\"wpb_column vc_column_container vc_col-sm-12\"><div class=\"vc_column-inner\"><div class=\"wpb_wrapper\"><div class=\"vcex-spacing wpex-w-100 wpex-clear\" style=\"height:140px\"><\/div><div class=\"vcex-heading vcex-module wpex-text-2xl wpex-font-normal wpex-m-auto wpex-max-w-100 vcex-heading-plain wpex-block wpex-text-center\" style=\"font-size:36px;font-weight:700;line-height:1.2em;\"><span class=\"vcex-heading-inner wpex-inline-block wpex-clr\">Speaker<\/span><\/div><div class=\"vcex-spacing wpex-w-100 wpex-clear\" style=\"height:20px\"><\/div><div class=\"vc_row wpb_row vc_inner vc_row-fluid vc_column-gap-30 vc_row-o-equal-height vc_row-flex\"><div class=\"wpb_column vc_column_container vc_col-sm-3\"><div class=\"vc_column-inner\"><div class=\"wpb_wrapper\"><div class=\"vcex-module vcex-icon-box vcex-icon-box-two wpex-relative wpex-p-30 wpex-text-center\" style=\"background-color:#ffffff;\"><div class=\"vcex-icon-box-symbol wpex-mb-20\"><img decoding=\"async\" loading=\"lazy\" class=\"vcex-icon-box-image wpex-align-middle\" style=\"width:250px;\" src=\"https:\/\/gcloudvn.com\/wp-content\/uploads\/2023\/01\/avatar-round-2-250x250.png\" alt=\"\" width=\"250\" height=\"250\" \/><\/a><\/div><div class=\"vcex-icon-box-text\"><h3 class=\"vcex-icon-box-heading wpex-heading wpex-text-md wpex-mb-10\" style=\"font-size:24px;\">Emma Sandoval<\/h3><div class=\"vcex-icon-box-content wpex-last-mb-0 wpex-clr\" style=\"font-size:18px;\"><p>V7 Digital Photo Printing<\/p>\n<\/div><\/div><\/div><\/div><\/div><\/div><div class=\"wpb_column vc_column_container vc_col-sm-3\"><div class=\"vc_column-inner\"><div class=\"wpb_wrapper\"><div class=\"vcex-module vcex-icon-box vcex-icon-box-two wpex-relative wpex-p-30 wpex-text-center\" style=\"background-color:#ffffff;\"><div class=\"vcex-icon-box-symbol wpex-mb-20\"><img decoding=\"async\" loading=\"lazy\" class=\"vcex-icon-box-image wpex-align-middle\" style=\"width:250px;\" src=\"https:\/\/gcloudvn.com\/wp-content\/uploads\/2023\/01\/avatar-round-3-250x250.png\" alt=\"\" width=\"250\" height=\"250\" \/><\/a><\/div><div class=\"vcex-icon-box-text\"><h3 class=\"vcex-icon-box-heading wpex-heading wpex-text-md wpex-mb-10\" style=\"font-size:24px;\">John Smith<\/h3><div class=\"vcex-icon-box-content wpex-last-mb-0 wpex-clr\" style=\"font-size:18px;\"><p>Beyond The Naked Eye<\/p>\n<\/div><\/div><\/div><\/div><\/div><\/div><div class=\"wpb_column vc_column_container vc_col-sm-3\"><div class=\"vc_column-inner\"><div class=\"wpb_wrapper\"><div class=\"vcex-module vcex-icon-box vcex-icon-box-two wpex-relative wpex-p-30 wpex-text-center\" style=\"background-color:#ffffff;\"><div class=\"vcex-icon-box-symbol wpex-mb-20\"><img decoding=\"async\" loading=\"lazy\" class=\"vcex-icon-box-image wpex-align-middle\" style=\"width:250px;\" src=\"https:\/\/gcloudvn.com\/wp-content\/uploads\/2023\/01\/avatar-round-1-250x250.png\" alt=\"\" width=\"250\" height=\"250\" \/><\/a><\/div><div class=\"vcex-icon-box-text\"><h3 class=\"vcex-icon-box-heading wpex-heading wpex-text-md wpex-mb-10\" style=\"font-size:24px;\">Jenny Burke<\/h3><div class=\"vcex-icon-box-content wpex-last-mb-0 wpex-clr\" style=\"font-size:18px;\"><p>Influencing The Influencer<\/p>\n<\/div><\/div><\/div><\/div><\/div><\/div><div class=\"wpb_column vc_column_container vc_col-sm-3\"><div class=\"vc_column-inner\"><div class=\"wpb_wrapper\"><div class=\"vcex-module vcex-icon-box vcex-icon-box-two wpex-relative wpex-p-30 wpex-text-center\" style=\"background-color:#ffffff;\"><div class=\"vcex-icon-box-symbol wpex-mb-20\"><img decoding=\"async\" loading=\"lazy\" class=\"vcex-icon-box-image wpex-align-middle\" style=\"width:250px;\" src=\"https:\/\/gcloudvn.com\/wp-content\/uploads\/2023\/01\/avatar-round-1-250x250.png\" alt=\"\" width=\"250\" height=\"250\" \/><\/a><\/div><div class=\"vcex-icon-box-text\"><h3 class=\"vcex-icon-box-heading wpex-heading wpex-text-md wpex-mb-10\" style=\"font-size:24px;\">Jenny Burke<\/h3><div class=\"vcex-icon-box-content wpex-last-mb-0 wpex-clr\" style=\"font-size:18px;\"><p>Influencing The Influencer<\/p>\n<\/div><\/div><\/div><\/div><\/div><\/div><\/div><\/div><\/div><\/div><\/div><div class=\"vc_row-full-width vc_clearfix\"><\/div><div data-vc-full-width=\"true\" data-vc-full-width-init=\"false\" class=\"vc_row wpb_row vc_row-fluid vc_row-o-content-middle vc_row-flex wpex-vc-row-stretched no-bottom-margins\"><div class=\"wpb_column vc_column_container vc_col-sm-2\"><div class=\"vc_column-inner\"><div class=\"wpb_wrapper\"><\/div><\/div><\/div><div class=\"wpb_column vc_column_container vc_col-sm-8\"><div class=\"vc_column-inner\"><div class=\"wpb_wrapper\"><div class=\"vcex-spacing wpex-w-100 wpex-clear\" style=\"height:40px\"><\/div><div class=\"vcex-heading vcex-module wpex-text-2xl wpex-font-normal wpex-m-auto wpex-max-w-100 vcex-heading-plain wpex-block wpex-text-center\" style=\"font-size:36px;font-weight:700;line-height:1.2em;\"><span class=\"vcex-heading-inner wpex-inline-block wpex-clr\">Agenda<\/span><\/div><div class=\"vcex-spacing wpex-w-100 wpex-clear\" style=\"height:20px\"><\/div>\n\t<div class=\"wpb_text_column wpb_content_element\" >\n\t\t<div class=\"wpb_wrapper\">\n\t\t\t<div class=\"table-responsive\">\n<table class=\"table table-striped table-su-kien\">\n<thead style=\"background: #2196f3;\">\n<tr>\n<th style=\"color: #fff; font-weight: 999 !important;\">Time<\/th>\n<th style=\"color: #fff; font-weight: 999 !important;\">Event Title<\/th>\n<\/tr>\n<\/thead>\n<tbody>\n<tr>\n<td>10:00<\/td>\n<td>Lorem ipsum dolor sit amet, consectetur adipisicing elit.<\/td>\n<\/tr>\n<tr>\n<td>11:00<\/td>\n<td>Blanditiis, aliquid numquam iure voluptatibus ut maiores explicabo ducimus neque, nesciunt rerum perferendis, inventore.<\/td>\n<\/tr>\n<tr>\n<td>12:00<\/td>\n<td>Culpa praesentium unde pariatur fugit eos recusandae voluptas.<\/td>\n<\/tr>\n<tr>\n<td>13:00<\/td>\n<td>Aut voluptatum accusantium, eveniet, sapiente quaerat adipisci consequatur maxime temporibus quas, dolorem impedit.<\/td>\n<\/tr>\n<tr>\n<td>10:00<\/td>\n<td>Lorem ipsum dolor sit amet, consectetur adipisicing elit.<\/td>\n<\/tr>\n<tr>\n<td>11:00<\/td>\n<td>Blanditiis, aliquid numquam iure voluptatibus ut maiores explicabo ducimus neque, nesciunt rerum perferendis, inventore.<\/td>\n<\/tr>\n<tr>\n<td>12:00<\/td>\n<td>Culpa praesentium unde pariatur fugit eos recusandae voluptas.<\/td>\n<\/tr>\n<tr>\n<td>13:00<\/td>\n<td>Aut voluptatum accusantium, eveniet, sapiente quaerat adipisci consequatur maxime temporibus quas, dolorem impedit.<\/td>\n<\/tr>\n<\/tbody>\n<\/table>\n<\/div>\n\n\t\t<\/div>\n\t<\/div>\n<div class=\"vcex-spacing wpex-w-100 wpex-clear\" style=\"height:80px\"><\/div><\/div><\/div><\/div><div class=\"wpb_column vc_column_container vc_col-sm-2\"><div class=\"vc_column-inner\"><div class=\"wpb_wrapper\"><\/div><\/div><\/div><\/div><div class=\"vc_row-full-width vc_clearfix\"><\/div><div data-vc-full-width=\"true\" data-vc-full-width-init=\"false\" class=\"vc_row wpb_row vc_row-fluid vc_row-o-content-middle vc_row-flex wpex-vc-row-stretched no-bottom-margins\"><div class=\"wpb_column vc_column_container vc_col-sm-12\"><div class=\"vc_column-inner\"><div class=\"wpb_wrapper\"><div class=\"vcex-spacing wpex-w-100 wpex-clear\" style=\"height:40px\"><\/div><div class=\"vcex-heading vcex-module wpex-text-2xl wpex-font-normal wpex-m-auto wpex-max-w-100 vcex-heading-plain wpex-block wpex-text-center\" style=\"font-size:40px;font-weight:700;\"><span class=\"vcex-heading-inner wpex-inline-block wpex-clr\">BENEFITS OF EVENTING EVENTS<\/span><\/div><div class=\"vc_row wpb_row vc_inner vc_row-fluid vc_custom_1673938384652 vc_column-gap-30 vc_row-o-equal-height vc_row-flex wpex-vc_row-has-fill wpex-vc-reset-negative-margin\"><div class=\"wpb_column vc_column_container vc_col-sm-4\"><div class=\"vc_column-inner\"><div class=\"wpb_wrapper\"><div class=\"vcex-module vcex-icon-box vcex-icon-box-two wpex-relative wpex-p-30 wpex-text-center\" style=\"background-color:#ffffff;\"><div class=\"vcex-icon-box-symbol wpex-mb-20\"><img decoding=\"async\" loading=\"lazy\" class=\"vcex-icon-box-image wpex-align-middle\" src=\"https:\/\/gcloudvn.com\/wp-content\/uploads\/2023\/01\/3-200x200.png\" alt=\"\" width=\"200\" height=\"200\" \/><\/a><\/div><div class=\"vcex-icon-box-text\"><h3 class=\"vcex-icon-box-heading wpex-heading wpex-text-md wpex-mb-10\" style=\"font-size:24px;\">EXCHANGE<\/h3><div class=\"vcex-icon-box-content wpex-last-mb-0 wpex-clr\" style=\"font-size:15px;\"><p>Talk directly with experts with many years of experience in consulting and implementing Digital Transformation solutions<\/p>\n<\/div><\/div><\/div><\/div><\/div><\/div><div class=\"wpb_column vc_column_container vc_col-sm-4\"><div class=\"vc_column-inner\"><div class=\"wpb_wrapper\"><div class=\"vcex-module vcex-icon-box vcex-icon-box-two wpex-relative wpex-p-30 wpex-text-center\" style=\"background-color:#ffffff;\"><div class=\"vcex-icon-box-symbol wpex-mb-20\"><img decoding=\"async\" loading=\"lazy\" class=\"vcex-icon-box-image wpex-align-middle\" src=\"https:\/\/gcloudvn.com\/wp-content\/uploads\/2023\/01\/1-200x200.png\" alt=\"\" width=\"200\" height=\"200\" \/><\/a><\/div><div class=\"vcex-icon-box-text\"><h3 class=\"vcex-icon-box-heading wpex-heading wpex-text-md wpex-mb-10\" style=\"font-size:24px;\">ADVISE<\/h3><div class=\"vcex-icon-box-content wpex-last-mb-0 wpex-clr\" style=\"font-size:15px;\"><p>One-on-one consultation right after the event with experts of Gimasys &amp; Google<\/p>\n<\/div><\/div><\/div><\/div><\/div><\/div><div class=\"wpb_column vc_column_container vc_col-sm-4\"><div class=\"vc_column-inner\"><div class=\"wpb_wrapper\"><div class=\"vcex-module vcex-icon-box vcex-icon-box-two wpex-relative wpex-p-30 wpex-text-center\" style=\"background-color:#ffffff;\"><div class=\"vcex-icon-box-symbol wpex-mb-20\"><img decoding=\"async\" loading=\"lazy\" class=\"vcex-icon-box-image wpex-align-middle\" src=\"https:\/\/gcloudvn.com\/wp-content\/uploads\/2023\/01\/2-200x200.png\" alt=\"\" width=\"200\" height=\"200\" \/><\/a><\/div><div class=\"vcex-icon-box-text\"><h3 class=\"vcex-icon-box-heading wpex-heading wpex-text-md wpex-mb-10\" style=\"font-size:24px;\">DOCUMENT<\/h3><div class=\"vcex-icon-box-content wpex-last-mb-0 wpex-clr\" style=\"font-size:15px;\"><p>Receive event video recording and speakers&#039; slides after the event ends<\/p>\n<\/div><\/div><\/div><\/div><\/div><\/div><\/div><div class=\"vcex-spacing wpex-w-100 wpex-clear\" style=\"height:40px\"><\/div><\/div><\/div><\/div><\/div><div class=\"vc_row-full-width vc_clearfix\"><\/div>\n<\/section>","protected":false},"excerpt":{"rendered":"","protected":false},"author":1,"featured_media":0,"parent":0,"menu_order":41,"comment_status":"closed","ping_status":"closed","template":"","meta":{"inline_featured_image":false,"footnotes":""},"class_list":["post-3859","page","type-page","status-publish","hentry","entry","no-media"],"_links":{"self":[{"href":"https:\/\/gcloudvn.com\/en\/wp-json\/wp\/v2\/pages\/3859","targetHints":{"allow":["GET"]}}],"collection":[{"href":"https:\/\/gcloudvn.com\/en\/wp-json\/wp\/v2\/pages"}],"about":[{"href":"https:\/\/gcloudvn.com\/en\/wp-json\/wp\/v2\/types\/page"}],"author":[{"embeddable":true,"href":"https:\/\/gcloudvn.com\/en\/wp-json\/wp\/v2\/users\/1"}],"replies":[{"embeddable":true,"href":"https:\/\/gcloudvn.com\/en\/wp-json\/wp\/v2\/comments?post=3859"}],"version-history":[{"count":0,"href":"https:\/\/gcloudvn.com\/en\/wp-json\/wp\/v2\/pages\/3859\/revisions"}],"wp:attachment":[{"href":"https:\/\/gcloudvn.com\/en\/wp-json\/wp\/v2\/media?parent=3859"}],"curies":[{"name":"wp","href":"https:\/\/api.w.org\/{rel}","templated":true}]}}