{"id":3974,"date":"2021-08-23T14:36:17","date_gmt":"2021-08-23T07:36:17","guid":{"rendered":"http:\/\/gcloudvn.wam.vn\/?page_id=3974"},"modified":"2025-04-04T15:11:25","modified_gmt":"2025-04-04T08:11:25","slug":"giai-phap-google","status":"publish","type":"page","link":"https:\/\/gcloudvn.com\/en\/giai-phap-google\/","title":{"rendered":"Google Solutions"},"content":{"rendered":"<section class=\"wpb-content-wrapper\"><div class=\"vc_row wpb_row vc_row-fluid vc_custom_1629729260112 vc_row-o-equal-height vc_row-o-content-middle vc_row-flex\"><div class=\"wpb_column vc_column_container vc_col-sm-6\"><div class=\"vc_column-inner\"><div class=\"wpb_wrapper\"><h2 class=\"vcex-heading vcex-module wpex-text-2xl wpex-font-normal wpex-m-auto wpex-max-w-100 vcex-heading-bottom-border-w-color wpex-block wpex-text-left  wpb_animate_when_almost_visible wpb_fadeIn fadeIn wpex-border-b-2 wpex-border-solid wpex-border-gray-200\" style=\"font-size:28px;letter-spacing:.3px;font-weight:700;text-transform:uppercase;\"><span class=\"vcex-heading-inner wpex-inline-block wpex-clr wpex-relative wpex-pb-5 wpex-border-b-2 wpex-border-solid wpex-border-accent\">GIMASYS PROVIDE GOOGLE SOLUTION<\/span><\/h2><div class=\"vcex-spacing wpex-w-100 wpex-clear\" style=\"height:20px\"><\/div>\n\t<div class=\"wpb_text_column wpb_content_element  wpb_animate_when_almost_visible wpb_fadeIn fadeIn\" >\n\t\t<div class=\"wpb_wrapper\">\n\t\t\t<p style=\"text-align: justify;\">Gimasys t\u1ef1 h\u00e0o l\u00e0 \u0111\u1ed1i t\u00e1c \u1ee7y quy\u1ec1n c\u1ee7a Google, mang \u0111\u1ebfn cho doanh nghi\u1ec7p Vi\u1ec7t Nam c\u01a1 h\u1ed9i ti\u1ebfp c\u1eadn v\u00e0 tri\u1ec3n khai hi\u1ec7u qu\u1ea3 c\u00e1c s\u1ea3n ph\u1ea9m Google Cloud ti\u00ean ti\u1ebfn. V\u1edbi kinh nghi\u1ec7m d\u00e0y d\u1eb7n v\u00e0 \u0111\u1ed9i ng\u0169 chuy\u00ean gia \u0111\u01b0\u1ee3c ch\u1ee9ng nh\u1eadn, ch\u00fang t\u00f4i cam k\u1ebft gi\u00fap doanh nghi\u1ec7p khai th\u00e1c t\u1ed1i \u0111a ti\u1ec1m n\u0103ng c\u1ee7a c\u00f4ng ngh\u1ec7 \u0111\u00e1m m\u00e2y, t\u1eeb \u0111\u00f3 t\u1ed1i \u01b0u h\u00f3a quy tr\u00ecnh v\u1eadn h\u00e0nh, n\u00e2ng cao n\u0103ng su\u1ea5t v\u00e0 th\u00fac \u0111\u1ea9y t\u0103ng tr\u01b0\u1edfng v\u01b0\u1ee3t b\u1eadc. \u0110\u0103ng k\u00fd t\u01b0 v\u1ea5n s\u1ea3n ph\u1ea9m Google v\u1edbi Gimasys ngay h\u00f4m nay \u0111\u1ec3 \u0111\u01b0\u1ee3c h\u01b0\u1edfng mu\u00f4n v\u00e0n l\u1ee3i \u00edch, bao g\u1ed3m:<\/p>\n<ul>\n<li style=\"text-align: justify;\"><em>T\u01b0 v\u1ea5n chuy\u00ean s\u00e2u, l\u1eadp k\u1ebf ho\u1ea1ch tri\u1ec3n khai chi ti\u1ebft d\u1ef1a tr\u00ean nhu c\u1ea7u th\u1ef1c t\u1ebf c\u1ee7a doanh nghi\u1ec7p.<\/em><\/li>\n<li style=\"text-align: justify;\"><em>\u0110\u1ea3m b\u1ea3o qu\u00e1 tr\u00ecnh t\u00edch h\u1ee3p chuy\u1ec3n \u0111\u1ed5i di\u1ec5n ra nhanh ch\u00f3ng v\u00e0 thu\u1eadn l\u1ee3i nh\u1ea5t.<\/em><\/li>\n<li style=\"text-align: justify;\"><em>\u0110\u1ed3ng h\u00e0nh c\u00f9ng doanh nghi\u1ec7p trong su\u1ed1t qu\u00e1 tr\u00ecnh s\u1eed d\u1ee5ng s\u1ea3n ph\u1ea9m, \u0111\u1ea3m b\u1ea3o doanh nghi\u1ec7p lu\u00f4n nh\u1eadn \u0111\u01b0\u1ee3c s\u1ef1 h\u1ed7 tr\u1ee3 k\u1ecbp th\u1eddi.<\/em><\/li>\n<li style=\"text-align: justify;\"><em>Ensure completeness and integrity of information and data.<\/em><\/li>\n<li style=\"text-align: justify;\"><em>Commit not to or minimize interruption, affecting the work of users.<\/em><\/li>\n<li style=\"text-align: justify;\"><em>Set up usage policies according to the management requirements of each business.<\/em><\/li>\n<\/ul>\n<p>\u0110\u1ec3 \u0111\u01b0\u1ee3c h\u1ed7 tr\u01a1 t\u01b0 v\u1ea5n d\u1ecbch v\u1ee5 tri\u1ec3n khai Google, xin vui l\u00f2ng li\u00ean h\u1ec7 theo th\u00f4ng tin sau:<\/p>\n<ul>\n<li><strong>Sign up for a consultation:<\/strong>\u00a0<strong><a href=\"https:\/\/gcloudvn.com\/en\/dang-ky-dung-thu\/\" target=\"_blank\" rel=\"nofollow noopener\">Here<\/a><\/strong><\/li>\n<li><strong>Email:<\/strong>\u00a0gcp@gimasys.com<\/li>\n<li><strong>Hotline:<\/strong> +84 974 417 099 (HCM) | +84 987 682 505 (HN)<\/li>\n<\/ul>\n\n\t\t<\/div>\n\t<\/div>\n<\/div><\/div><\/div><div class=\"wpb_column vc_column_container vc_col-sm-6\"><div class=\"vc_column-inner\"><div class=\"wpb_wrapper\">\n\t<div  class=\"wpb_single_image wpb_content_element vc_align_center  wpb_animate_when_almost_visible wpb_fadeIn fadeIn\">\n\t\t\n\t\t<figure class=\"wpb_wrapper vc_figure\">\n\t\t\t<div class=\"vc_single_image-wrapper   vc_box_border_grey\"><img loading=\"lazy\" decoding=\"async\" width=\"1284\" height=\"870\" src=\"https:\/\/gcloudvn.com\/wp-content\/uploads\/2025\/03\/Screenshot_30.jpg\" class=\"vc_single_image-img attachment-full\" alt=\"\" title=\"Screenshot_30\" srcset=\"https:\/\/gcloudvn.com\/wp-content\/uploads\/2025\/03\/Screenshot_30.jpg 1284w, https:\/\/gcloudvn.com\/wp-content\/uploads\/2025\/03\/Screenshot_30-768x520.jpg 768w, https:\/\/gcloudvn.com\/wp-content\/uploads\/2025\/03\/Screenshot_30-18x12.jpg 18w\" sizes=\"auto, (max-width: 1284px) 100vw, 1284px\" \/><\/div>\n\t\t<\/figure>\n\t<\/div>\n<\/div><\/div><\/div><\/div>\n<\/section>","protected":false},"excerpt":{"rendered":"GIMASYS CUNG C\u1ea4P GI\u1ea2I PH\u00c1P GOOGLE Gimasys t\u1ef1 h\u00e0o l\u00e0 \u0111\u1ed1i t\u00e1c \u1ee7y quy\u1ec1n c\u1ee7a Google, mang \u0111\u1ebfn cho doanh nghi\u1ec7p Vi\u1ec7t Nam c\u01a1 h\u1ed9i ti\u1ebfp c\u1eadn v\u00e0 tri\u1ec3n khai hi\u1ec7u qu\u1ea3 c\u00e1c s\u1ea3n ph\u1ea9m Google Cloud ti\u00ean ti\u1ebfn. V\u1edbi&hellip;","protected":false},"author":1,"featured_media":14513,"parent":0,"menu_order":30,"comment_status":"closed","ping_status":"closed","template":"","meta":{"inline_featured_image":false,"footnotes":""},"class_list":["post-3974","page","type-page","status-publish","has-post-thumbnail","hentry","entry","has-media"],"_links":{"self":[{"href":"https:\/\/gcloudvn.com\/en\/wp-json\/wp\/v2\/pages\/3974","targetHints":{"allow":["GET"]}}],"collection":[{"href":"https:\/\/gcloudvn.com\/en\/wp-json\/wp\/v2\/pages"}],"about":[{"href":"https:\/\/gcloudvn.com\/en\/wp-json\/wp\/v2\/types\/page"}],"author":[{"embeddable":true,"href":"https:\/\/gcloudvn.com\/en\/wp-json\/wp\/v2\/users\/1"}],"replies":[{"embeddable":true,"href":"https:\/\/gcloudvn.com\/en\/wp-json\/wp\/v2\/comments?post=3974"}],"version-history":[{"count":0,"href":"https:\/\/gcloudvn.com\/en\/wp-json\/wp\/v2\/pages\/3974\/revisions"}],"wp:featuredmedia":[{"embeddable":true,"href":"https:\/\/gcloudvn.com\/en\/wp-json\/wp\/v2\/media\/14513"}],"wp:attachment":[{"href":"https:\/\/gcloudvn.com\/en\/wp-json\/wp\/v2\/media?parent=3974"}],"curies":[{"name":"wp","href":"https:\/\/api.w.org\/{rel}","templated":true}]}}