{"id":698,"date":"2021-06-19T11:07:20","date_gmt":"2021-06-19T04:07:20","guid":{"rendered":"http:\/\/gcloudvn.wam.vn\/?page_id=698"},"modified":"2026-01-19T10:55:10","modified_gmt":"2026-01-19T03:55:10","slug":"so-sanh-cac-phien-ban-google-workspace","status":"publish","type":"page","link":"https:\/\/gcloudvn.com\/en\/so-sanh-cac-phien-ban-google-workspace\/","title":{"rendered":"Compare Google Workspace Versions"},"content":{"rendered":"<section class=\"wpb-content-wrapper\"><div class=\"vc_row wpb_row vc_row-fluid\"><div class=\"wpb_column vc_column_container vc_col-sm-12\"><div class=\"vc_column-inner\"><div class=\"wpb_wrapper\">\n\t<div class=\"wpb_text_column wpb_content_element\" >\n\t\t<div class=\"wpb_wrapper\">\n\t\t\t<p><img loading=\"lazy\" decoding=\"async\" class=\"aligncenter wp-image-4224 size-full\" src=\"https:\/\/gcloudvn.com\/wp-content\/uploads\/2021\/08\/Google-Workspace.svg\" alt=\"\" width=\"361\" height=\"47\" \/><\/p>\n<p style=\"text-align: center;\"><span style=\"font-size: 18px;\">Detailed comparison of Google Workspace versions<\/span><\/p>\n<div style=\"overflow-x: auto;\">\n<table class=\"table so-sanh-ws\">\n<thead>\n<tr class=\"th-title\" style=\"text-transform: uppercase;\">\n<th class=\"th-title-1\" style=\"text-align: center; background: #ed1f25; color: #fff;\"><strong>GOOGLE WORKSPACE<\/strong><\/th>\n<th class=\"th-title-2\" style=\"text-align: center; background: #1a73e8; color: #fff;\" colspan=\"3\" rowspan=\"1\"><strong>Business<\/strong><\/th>\n<th class=\"th-title-2\" style=\"text-align: center; background: #4caf50; color: #fff;\" colspan=\"3\" rowspan=\"1\"><strong>Enterprise<\/strong><\/th>\n<\/tr>\n<tr class=\"th-title-3\" style=\"background: #f3f6ff;\">\n<th><\/th>\n<th style=\"text-align: center; width: 12%;\"><strong>Business Starter<\/strong><\/th>\n<th style=\"text-align: center; width: 12%;\"><strong>Business Standard<\/strong><\/th>\n<th style=\"text-align: center; width: 12%;\"><strong>Business Plus<\/strong><\/th>\n<th style=\"text-align: center; width: 12%;\"><strong>Enterprise Essential<\/strong><\/th>\n<th style=\"text-align: center; width: 12%;\"><strong>Enterprise Standard<\/strong><\/th>\n<th style=\"text-align: center; width: 12%;\"><strong>Enterprise Plus<\/strong><\/th>\n<\/tr>\n<\/thead>\n<tbody>\n<tr>\n<td class=\"th-title-1\" colspan=\"7\" rowspan=\"1\"><strong>Gmail<\/strong><\/td>\n<\/tr>\n<tr>\n<td>Gmail by business domain (a@tencongty.com)<\/td>\n<td style=\"text-align: center;\">x<\/td>\n<td style=\"text-align: center;\">x<\/td>\n<td style=\"text-align: center;\">x<\/td>\n<td style=\"text-align: center;\"><\/td>\n<td style=\"text-align: center;\">x<\/td>\n<td style=\"text-align: center;\">x<\/td>\n<\/tr>\n<tr>\n<td>Prevent spam and secure information<\/td>\n<td style=\"text-align: center;\">x<\/td>\n<td style=\"text-align: center;\">x<\/td>\n<td style=\"text-align: center;\">x<\/td>\n<td style=\"text-align: center;\"><\/td>\n<td style=\"text-align: center;\">x<\/td>\n<td style=\"text-align: center;\">x<\/td>\n<\/tr>\n<tr>\n<td>Email without ads<\/td>\n<td style=\"text-align: center;\">x<\/td>\n<td style=\"text-align: center;\">x<\/td>\n<td style=\"text-align: center;\">x<\/td>\n<td style=\"text-align: center;\"><\/td>\n<td style=\"text-align: center;\">x<\/td>\n<td style=\"text-align: center;\">x<\/td>\n<\/tr>\n<tr>\n<td>Compatible with Outlook<\/td>\n<td style=\"text-align: center;\">x<\/td>\n<td style=\"text-align: center;\">x<\/td>\n<td style=\"text-align: center;\">x<\/td>\n<td style=\"text-align: center;\"><\/td>\n<td style=\"text-align: center;\">x<\/td>\n<td style=\"text-align: center;\">x<\/td>\n<\/tr>\n<tr>\n<td>Guaranteed 99.9% uptime<\/td>\n<td style=\"text-align: center;\">x<\/td>\n<td style=\"text-align: center;\">x<\/td>\n<td style=\"text-align: center;\">x<\/td>\n<td style=\"text-align: center;\">x<\/td>\n<td style=\"text-align: center;\">x<\/td>\n<td style=\"text-align: center;\">x<\/td>\n<\/tr>\n<tr>\n<td>Data loss prevention for Gmail<\/td>\n<td><\/td>\n<td><\/td>\n<td><\/td>\n<td><\/td>\n<td style=\"text-align: center;\">x<\/td>\n<td style=\"text-align: center;\">x<\/td>\n<\/tr>\n<tr>\n<td class=\"th-title-1\" colspan=\"7\" rowspan=\"1\"><strong>Calendar \u2013 Google Meet \u2013 Google Chat<\/strong><\/td>\n<\/tr>\n<tr>\n<td>Google Meet : online meeting room<\/td>\n<td style=\"text-align: center;\">100 participants<\/td>\n<td style=\"text-align: center;\">150 participants<\/td>\n<td style=\"text-align: center;\">500 participants<\/td>\n<td style=\"text-align: center;\">150 participants<\/td>\n<td style=\"text-align: center;\">500 participants<\/td>\n<td style=\"text-align: center;\">500 participants<\/td>\n<\/tr>\n<tr>\n<td>Meeting duration<\/td>\n<td style=\"text-align: center;\">2 weeks<\/td>\n<td style=\"text-align: center;\">2 weeks<\/td>\n<td style=\"text-align: center;\">2 weeks<\/td>\n<td style=\"text-align: center;\">24 hours<\/td>\n<td style=\"text-align: center;\">24 hours<\/td>\n<td style=\"text-align: center;\">24 hours<\/td>\n<\/tr>\n<tr>\n<td>White board<\/td>\n<td style=\"text-align: center;\">x<\/td>\n<td style=\"text-align: center;\">x<\/td>\n<td style=\"text-align: center;\">x<\/td>\n<td style=\"text-align: center;\">x<\/td>\n<td style=\"text-align: center;\">x<\/td>\n<td style=\"text-align: center;\">x<\/td>\n<\/tr>\n<tr>\n<td>Record the meeting<\/td>\n<td><\/td>\n<td style=\"text-align: center;\">x<\/td>\n<td style=\"text-align: center;\">x<\/td>\n<td style=\"text-align: center;\">x<\/td>\n<td style=\"text-align: center;\">x<\/td>\n<td style=\"text-align: center;\">x<\/td>\n<\/tr>\n<tr>\n<td>Q&amp;A and survey panel<\/td>\n<td><\/td>\n<td style=\"text-align: center;\">x<\/td>\n<td style=\"text-align: center;\">x<\/td>\n<td style=\"text-align: center;\">x<\/td>\n<td style=\"text-align: center;\">x<\/td>\n<td style=\"text-align: center;\">x<\/td>\n<\/tr>\n<tr>\n<td>Raise your hand to speak<\/td>\n<td><\/td>\n<td style=\"text-align: center;\">x<\/td>\n<td style=\"text-align: center;\">x<\/td>\n<td style=\"text-align: center;\">x<\/td>\n<td style=\"text-align: center;\">x<\/td>\n<td style=\"text-align: center;\">x<\/td>\n<\/tr>\n<tr>\n<td>Group meeting room<\/td>\n<td><\/td>\n<td style=\"text-align: center;\">x<\/td>\n<td style=\"text-align: center;\">x<\/td>\n<td style=\"text-align: center;\">x<\/td>\n<td style=\"text-align: center;\">x<\/td>\n<td style=\"text-align: center;\">x<\/td>\n<\/tr>\n<tr>\n<td>Noise Filter<\/td>\n<td><\/td>\n<td><\/td>\n<td><\/td>\n<td><\/td>\n<td><\/td>\n<td style=\"text-align: center;\">x<\/td>\n<\/tr>\n<tr>\n<td>Livestream in domain<\/td>\n<td><\/td>\n<td><\/td>\n<td><\/td>\n<td><\/td>\n<td style=\"text-align: center;\">10k<\/td>\n<td style=\"text-align: center;\">100k<\/td>\n<\/tr>\n<tr>\n<td>Chat: group messaging<\/td>\n<td style=\"text-align: center;\">x<\/td>\n<td style=\"text-align: center;\">x<\/td>\n<td style=\"text-align: center;\">x<\/td>\n<td style=\"text-align: center;\"><\/td>\n<td style=\"text-align: center;\">x<\/td>\n<td style=\"text-align: center;\">x<\/td>\n<\/tr>\n<tr>\n<td>Chat history on or off by default<\/td>\n<td><\/td>\n<td style=\"text-align: center;\">x<\/td>\n<td style=\"text-align: center;\">x<\/td>\n<td style=\"text-align: center;\"><\/td>\n<td style=\"text-align: center;\">x<\/td>\n<td style=\"text-align: center;\">x<\/td>\n<\/tr>\n<tr>\n<td>Automatically accept invitations<\/td>\n<td><\/td>\n<td style=\"text-align: center;\">x<\/td>\n<td style=\"text-align: center;\">x<\/td>\n<td style=\"text-align: center;\"><\/td>\n<td style=\"text-align: center;\">x<\/td>\n<td style=\"text-align: center;\">x<\/td>\n<\/tr>\n<tr>\n<td>Chat with people outside the domain<\/td>\n<td><\/td>\n<td style=\"text-align: center;\">x<\/td>\n<td style=\"text-align: center;\">x<\/td>\n<td style=\"text-align: center;\"><\/td>\n<td style=\"text-align: center;\">x<\/td>\n<td style=\"text-align: center;\">x<\/td>\n<\/tr>\n<tr>\n<td>Calendar: Shared Calendar<\/td>\n<td style=\"text-align: center;\">x<\/td>\n<td style=\"text-align: center;\">x<\/td>\n<td style=\"text-align: center;\">x<\/td>\n<td style=\"text-align: center;\">x<\/td>\n<td style=\"text-align: center;\">x<\/td>\n<td style=\"text-align: center;\">x<\/td>\n<\/tr>\n<tr>\n<td>Browse and reserve meeting rooms<\/td>\n<td style=\"text-align: center;\">x<\/td>\n<td style=\"text-align: center;\">x<\/td>\n<td style=\"text-align: center;\">x<\/td>\n<td style=\"text-align: center;\">x<\/td>\n<td style=\"text-align: center;\">x<\/td>\n<td style=\"text-align: center;\">x<\/td>\n<\/tr>\n<tr>\n<td class=\"th-title-1\" colspan=\"7\" rowspan=\"1\"><strong>Docs \u2013 Sheets \u2013 Slides \u2013 AppSheet \u2013 Current \u2013 Site \u2013 Forms<\/strong><\/td>\n<\/tr>\n<tr>\n<td>Create collaborative content<\/td>\n<td style=\"text-align: center;\">x<\/td>\n<td style=\"text-align: center;\">x<\/td>\n<td style=\"text-align: center;\">x<\/td>\n<td style=\"text-align: center;\">x<\/td>\n<td style=\"text-align: center;\">x<\/td>\n<td style=\"text-align: center;\">x<\/td>\n<\/tr>\n<tr>\n<td>Shared notes in Keep<\/td>\n<td style=\"text-align: center;\">x<\/td>\n<td style=\"text-align: center;\">x<\/td>\n<td style=\"text-align: center;\">x<\/td>\n<td style=\"text-align: center;\">x<\/td>\n<td style=\"text-align: center;\">x<\/td>\n<td style=\"text-align: center;\">x<\/td>\n<\/tr>\n<tr>\n<td>Site Builder in Sites<\/td>\n<td style=\"text-align: center;\">x<\/td>\n<td style=\"text-align: center;\">x<\/td>\n<td style=\"text-align: center;\">x<\/td>\n<td style=\"text-align: center;\">x<\/td>\n<td style=\"text-align: center;\">x<\/td>\n<td style=\"text-align: center;\">x<\/td>\n<\/tr>\n<tr>\n<td>Survey Builder in Forms<\/td>\n<td style=\"text-align: center;\">x<\/td>\n<td style=\"text-align: center;\">x<\/td>\n<td style=\"text-align: center;\">x<\/td>\n<td style=\"text-align: center;\">x<\/td>\n<td style=\"text-align: center;\">x<\/td>\n<td style=\"text-align: center;\">x<\/td>\n<\/tr>\n<tr>\n<td>Interoperability with Office files<\/td>\n<td style=\"text-align: center;\">x<\/td>\n<td style=\"text-align: center;\">x<\/td>\n<td style=\"text-align: center;\">x<\/td>\n<td style=\"text-align: center;\">x<\/td>\n<td style=\"text-align: center;\">x<\/td>\n<td style=\"text-align: center;\">x<\/td>\n<\/tr>\n<tr>\n<td>Easier to analyze thanks to Smart Fill, Smart Delete and Reply features<\/td>\n<td style=\"text-align: center;\">x<\/td>\n<td style=\"text-align: center;\">x<\/td>\n<td style=\"text-align: center;\">x<\/td>\n<td style=\"text-align: center;\">x<\/td>\n<td style=\"text-align: center;\">x<\/td>\n<td style=\"text-align: center;\">x<\/td>\n<\/tr>\n<tr>\n<td>Support typing with Smart Compose, grammar suggestions, and auto-correction<\/td>\n<td style=\"text-align: center;\">x<\/td>\n<td style=\"text-align: center;\">x<\/td>\n<td style=\"text-align: center;\">x<\/td>\n<td style=\"text-align: center;\">x<\/td>\n<td style=\"text-align: center;\">x<\/td>\n<td style=\"text-align: center;\">x<\/td>\n<\/tr>\n<tr>\n<td>Custom branding for document and form templates<\/td>\n<td><\/td>\n<td style=\"text-align: center;\">x<\/td>\n<td style=\"text-align: center;\">x<\/td>\n<td style=\"text-align: center;\">x<\/td>\n<td style=\"text-align: center;\">x<\/td>\n<td style=\"text-align: center;\">x<\/td>\n<\/tr>\n<tr>\n<td>Smart search<\/td>\n<td><\/td>\n<td style=\"text-align: center;\">First party data<\/td>\n<td style=\"text-align: center;\">First party data<\/td>\n<td style=\"text-align: center;\"><\/td>\n<td style=\"text-align: center;\">First and third party data<\/td>\n<td style=\"text-align: center;\">First and third party data<\/td>\n<\/tr>\n<tr>\n<td class=\"th-title-1\" colspan=\"7\" rowspan=\"1\"><strong>Drive<\/strong><\/td>\n<\/tr>\n<tr>\n<td>Capacity<\/td>\n<td style=\"text-align: center;\">30GB<\/td>\n<td style=\"text-align: center;\">2TB<\/td>\n<td style=\"text-align: center;\">5TB<\/td>\n<td style=\"text-align: center;\">1TB<\/td>\n<td style=\"text-align: center;\">According to demand**<\/td>\n<td style=\"text-align: center;\">According to demand **<\/td>\n<\/tr>\n<tr>\n<td>Drive File Stream<\/td>\n<td style=\"text-align: center;\">x<\/td>\n<td style=\"text-align: center;\">x<\/td>\n<td style=\"text-align: center;\">x<\/td>\n<td style=\"text-align: center;\">x<\/td>\n<td style=\"text-align: center;\">x<\/td>\n<td style=\"text-align: center;\">x<\/td>\n<\/tr>\n<tr>\n<td>Shared Drive<\/td>\n<td><\/td>\n<td style=\"text-align: center;\">x<\/td>\n<td style=\"text-align: center;\">x<\/td>\n<td style=\"text-align: center;\">x<\/td>\n<td style=\"text-align: center;\">x<\/td>\n<td style=\"text-align: center;\">x<\/td>\n<\/tr>\n<tr>\n<td>Share files quickly<\/td>\n<td style=\"text-align: center;\">x<\/td>\n<td style=\"text-align: center;\">x<\/td>\n<td style=\"text-align: center;\">x<\/td>\n<td style=\"text-align: center;\">x<\/td>\n<td style=\"text-align: center;\">x<\/td>\n<td style=\"text-align: center;\">x<\/td>\n<\/tr>\n<tr>\n<td>Access files directly on PC\/Mac<\/td>\n<td style=\"text-align: center;\">x<\/td>\n<td style=\"text-align: center;\">x<\/td>\n<td style=\"text-align: center;\">x<\/td>\n<td style=\"text-align: center;\">x<\/td>\n<td style=\"text-align: center;\">x<\/td>\n<td style=\"text-align: center;\">x<\/td>\n<\/tr>\n<tr>\n<td>control access to files<\/td>\n<td style=\"text-align: center;\">x<\/td>\n<td style=\"text-align: center;\">x<\/td>\n<td style=\"text-align: center;\">x<\/td>\n<td style=\"text-align: center;\">x<\/td>\n<td style=\"text-align: center;\">x<\/td>\n<td style=\"text-align: center;\">x<\/td>\n<\/tr>\n<tr>\n<td>Data Loss Prevention in Drive<\/td>\n<td><\/td>\n<td><\/td>\n<td><\/td>\n<td><\/td>\n<td style=\"text-align: center;\">x<\/td>\n<td style=\"text-align: center;\">x<\/td>\n<\/tr>\n<tr>\n<td>check Drive logs and user activity<\/td>\n<td><\/td>\n<td style=\"text-align: center;\">x<\/td>\n<td style=\"text-align: center;\">x<\/td>\n<td style=\"text-align: center;\">x<\/td>\n<td style=\"text-align: center;\">x<\/td>\n<td style=\"text-align: center;\">x<\/td>\n<\/tr>\n<tr>\n<td class=\"th-title-1\" colspan=\"7\" rowspan=\"1\"><strong>Docs \u2013 Sheets \u2013 Slides \u2013 AppSheet \u2013 Current \u2013 Site \u2013 Forms<\/strong><\/td>\n<\/tr>\n<tr>\n<td>Create collaborative content<\/td>\n<td style=\"text-align: center;\">x<\/td>\n<td style=\"text-align: center;\">x<\/td>\n<td style=\"text-align: center;\">x<\/td>\n<td style=\"text-align: center;\">x<\/td>\n<td style=\"text-align: center;\">x<\/td>\n<td style=\"text-align: center;\">x<\/td>\n<\/tr>\n<tr>\n<td>Shared notes in Keep<\/td>\n<td style=\"text-align: center;\">x<\/td>\n<td style=\"text-align: center;\">x<\/td>\n<td style=\"text-align: center;\">x<\/td>\n<td style=\"text-align: center;\">x<\/td>\n<td style=\"text-align: center;\">x<\/td>\n<td style=\"text-align: center;\">x<\/td>\n<\/tr>\n<tr>\n<td>Site Builder in Sites<\/td>\n<td style=\"text-align: center;\">x<\/td>\n<td style=\"text-align: center;\">x<\/td>\n<td style=\"text-align: center;\">x<\/td>\n<td style=\"text-align: center;\">x<\/td>\n<td style=\"text-align: center;\">x<\/td>\n<td style=\"text-align: center;\">x<\/td>\n<\/tr>\n<tr>\n<td>Survey Builder in Forms<\/td>\n<td style=\"text-align: center;\">x<\/td>\n<td style=\"text-align: center;\">x<\/td>\n<td style=\"text-align: center;\">x<\/td>\n<td style=\"text-align: center;\">x<\/td>\n<td style=\"text-align: center;\">x<\/td>\n<td style=\"text-align: center;\">x<\/td>\n<\/tr>\n<tr>\n<td>Interoperability with Office files<\/td>\n<td style=\"text-align: center;\">x<\/td>\n<td style=\"text-align: center;\">x<\/td>\n<td style=\"text-align: center;\">x<\/td>\n<td style=\"text-align: center;\">x<\/td>\n<td style=\"text-align: center;\">x<\/td>\n<td style=\"text-align: center;\">x<\/td>\n<\/tr>\n<tr>\n<td>Easier to analyze thanks to Smart Fill, Smart Delete and Reply features<\/td>\n<td style=\"text-align: center;\">x<\/td>\n<td style=\"text-align: center;\">x<\/td>\n<td style=\"text-align: center;\">x<\/td>\n<td style=\"text-align: center;\">x<\/td>\n<td style=\"text-align: center;\">x<\/td>\n<td style=\"text-align: center;\">x<\/td>\n<\/tr>\n<tr>\n<td>Support typing with Smart Compose, grammar suggestions, and auto-correction<\/td>\n<td style=\"text-align: center;\">x<\/td>\n<td style=\"text-align: center;\">x<\/td>\n<td style=\"text-align: center;\">x<\/td>\n<td style=\"text-align: center;\">x<\/td>\n<td style=\"text-align: center;\">x<\/td>\n<td style=\"text-align: center;\">x<\/td>\n<\/tr>\n<tr>\n<td>Custom branding for document and form templates<\/td>\n<td><\/td>\n<td style=\"text-align: center;\">x<\/td>\n<td style=\"text-align: center;\">x<\/td>\n<td style=\"text-align: center;\">x<\/td>\n<td style=\"text-align: center;\">x<\/td>\n<td style=\"text-align: center;\">x<\/td>\n<\/tr>\n<tr>\n<td>Smart search<\/td>\n<td><\/td>\n<td style=\"text-align: center;\">First party data<\/td>\n<td style=\"text-align: center;\">First party data<\/td>\n<td style=\"text-align: center;\"><\/td>\n<td style=\"text-align: center;\">First and third party data<\/td>\n<td style=\"text-align: center;\">First and third party data<\/td>\n<\/tr>\n<tr>\n<td class=\"th-title-1\" colspan=\"7\" rowspan=\"1\"><strong>C\u00e1c t\u00ednh n\u0103ng AI &#8211; H\u1ed7 tr\u1ee3\u00a0<\/strong><\/td>\n<\/tr>\n<tr>\n<td>AppSheet<\/td>\n<td style=\"text-align: center;\">x<\/td>\n<td style=\"text-align: center;\">x<\/td>\n<td style=\"text-align: center;\">x<\/td>\n<td style=\"text-align: center;\">x<\/td>\n<td style=\"text-align: center;\">x<\/td>\n<td style=\"text-align: center;\">x<\/td>\n<\/tr>\n<tr>\n<td>Gemini AI<\/td>\n<td style=\"text-align: center;\">Chat qua APP<\/td>\n<td style=\"text-align: center;\">T\u00edch h\u1ee3p s\u1eb5n<\/td>\n<td style=\"text-align: center;\">T\u00edch h\u1ee3p s\u1eb5n<\/td>\n<td style=\"text-align: center;\">T\u00edch h\u1ee3p s\u1eb5n<\/td>\n<td style=\"text-align: center;\">T\u00edch h\u1ee3p s\u1eb5n<\/td>\n<td style=\"text-align: center;\">T\u00edch h\u1ee3p s\u1eb5n<\/td>\n<\/tr>\n<tr>\n<td>NotebookLM<\/td>\n<td><\/td>\n<td style=\"text-align: center;\">x<\/td>\n<td style=\"text-align: center;\">x<\/td>\n<td style=\"text-align: center;\">x<\/td>\n<td style=\"text-align: center;\">x<\/td>\n<td style=\"text-align: center;\">x<\/td>\n<\/tr>\n<tr>\n<td>Veo 3<\/td>\n<td style=\"text-align: center;\"><\/td>\n<td style=\"text-align: center;\">x<\/td>\n<td style=\"text-align: center;\">x<\/td>\n<td style=\"text-align: center;\">x<\/td>\n<td style=\"text-align: center;\">x<\/td>\n<td style=\"text-align: center;\">x<\/td>\n<\/tr>\n<tr>\n<td class=\"th-title-1\" colspan=\"7\" rowspan=\"1\"><strong>Security and management<\/strong><\/td>\n<\/tr>\n<tr>\n<td>2-Step Verification<\/td>\n<td style=\"text-align: center;\">x<\/td>\n<td style=\"text-align: center;\">x<\/td>\n<td style=\"text-align: center;\">x<\/td>\n<td style=\"text-align: center;\">x<\/td>\n<td style=\"text-align: center;\">x<\/td>\n<td style=\"text-align: center;\">x<\/td>\n<\/tr>\n<tr>\n<td>Group Policy Control Options<\/td>\n<td style=\"text-align: center;\">x<\/td>\n<td style=\"text-align: center;\">x<\/td>\n<td style=\"text-align: center;\">x<\/td>\n<td style=\"text-align: center;\">x<\/td>\n<td style=\"text-align: center;\">x<\/td>\n<td style=\"text-align: center;\">x<\/td>\n<\/tr>\n<tr>\n<td>Advanced Protection Program<\/td>\n<td style=\"text-align: center;\">x<\/td>\n<td style=\"text-align: center;\">x<\/td>\n<td style=\"text-align: center;\">x<\/td>\n<td style=\"text-align: center;\">x<\/td>\n<td style=\"text-align: center;\">x<\/td>\n<td style=\"text-align: center;\">x<\/td>\n<\/tr>\n<tr>\n<td>Terminal Management<\/td>\n<td style=\"text-align: center;\">Basic<\/td>\n<td style=\"text-align: center;\">Basic<\/td>\n<td style=\"text-align: center;\">Advanced<\/td>\n<td style=\"text-align: center;\"><\/td>\n<td style=\"text-align: center;\">Enterprise<\/td>\n<td style=\"text-align: center;\">Enterprise<\/td>\n<\/tr>\n<tr>\n<td>Vault \u2013 store and search data<\/td>\n<td><\/td>\n<td><\/td>\n<td style=\"text-align: center;\">x<\/td>\n<td style=\"text-align: center;\"><\/td>\n<td style=\"text-align: center;\">x<\/td>\n<td style=\"text-align: center;\">x<\/td>\n<\/tr>\n<tr>\n<td>Data Loss Prevention (NCMDL)<\/td>\n<td><\/td>\n<td><\/td>\n<td><\/td>\n<td><\/td>\n<td style=\"text-align: center;\">x<\/td>\n<td style=\"text-align: center;\">x<\/td>\n<\/tr>\n<tr>\n<td>Premium Cloud Identity<\/td>\n<td><\/td>\n<td><\/td>\n<td><\/td>\n<td style=\"text-align: center;\">x<\/td>\n<td style=\"text-align: center;\">x<\/td>\n<td style=\"text-align: center;\">x<\/td>\n<\/tr>\n<tr>\n<td>Contextual Access<\/td>\n<td><\/td>\n<td><\/td>\n<td><\/td>\n<td style=\"text-align: center;\">x<\/td>\n<td style=\"text-align: center;\">x<\/td>\n<td style=\"text-align: center;\">x<\/td>\n<\/tr>\n<tr>\n<td>Security Center<\/td>\n<td><\/td>\n<td><\/td>\n<td><\/td>\n<td style=\"text-align: center;\">x<\/td>\n<td style=\"text-align: center;\">x<\/td>\n<td style=\"text-align: center;\">x<\/td>\n<\/tr>\n<tr>\n<td>Secure\/Multi-Purpose Internet Mail Extensions (S\/MIME) Encryption Standard<\/td>\n<td><\/td>\n<td><\/td>\n<td><\/td>\n<td><\/td>\n<td><\/td>\n<td style=\"text-align: center;\">x<\/td>\n<\/tr>\n<tr>\n<td>Data area<\/td>\n<td><\/td>\n<td><\/td>\n<td><\/td>\n<td><\/td>\n<td style=\"text-align: center;\">x<\/td>\n<td style=\"text-align: center;\">x<\/td>\n<\/tr>\n<tr>\n<td>Information about access<\/td>\n<td><\/td>\n<td><\/td>\n<td><\/td>\n<td style=\"text-align: center;\">x<\/td>\n<td style=\"text-align: center;\">x<\/td>\n<td style=\"text-align: center;\">x<\/td>\n<\/tr>\n<\/tbody>\n<\/table>\n<\/div>\n\n\t\t<\/div>\n\t<\/div>\n<\/div><\/div><\/div><\/div>\n<\/section>","protected":false},"excerpt":{"rendered":"Detailed comparison of Google Workspace versions GOOGLE WORKSPACE Business Enterprise Business Starter Business Standard Business Plus Enterprise Essential Enterprise Standard Enterprise Plus Gmail Gmail by business domain name (a@tencongty.com) xxxxx Prevent\u2026","protected":false},"author":1,"featured_media":14502,"parent":674,"menu_order":18,"comment_status":"closed","ping_status":"closed","template":"","meta":{"inline_featured_image":false,"footnotes":""},"class_list":["post-698","page","type-page","status-publish","has-post-thumbnail","hentry","entry","has-media"],"_links":{"self":[{"href":"https:\/\/gcloudvn.com\/en\/wp-json\/wp\/v2\/pages\/698","targetHints":{"allow":["GET"]}}],"collection":[{"href":"https:\/\/gcloudvn.com\/en\/wp-json\/wp\/v2\/pages"}],"about":[{"href":"https:\/\/gcloudvn.com\/en\/wp-json\/wp\/v2\/types\/page"}],"author":[{"embeddable":true,"href":"https:\/\/gcloudvn.com\/en\/wp-json\/wp\/v2\/users\/1"}],"replies":[{"embeddable":true,"href":"https:\/\/gcloudvn.com\/en\/wp-json\/wp\/v2\/comments?post=698"}],"version-history":[{"count":4,"href":"https:\/\/gcloudvn.com\/en\/wp-json\/wp\/v2\/pages\/698\/revisions"}],"predecessor-version":[{"id":24602,"href":"https:\/\/gcloudvn.com\/en\/wp-json\/wp\/v2\/pages\/698\/revisions\/24602"}],"up":[{"embeddable":true,"href":"https:\/\/gcloudvn.com\/en\/wp-json\/wp\/v2\/pages\/674"}],"wp:featuredmedia":[{"embeddable":true,"href":"https:\/\/gcloudvn.com\/en\/wp-json\/wp\/v2\/media\/14502"}],"wp:attachment":[{"href":"https:\/\/gcloudvn.com\/en\/wp-json\/wp\/v2\/media?parent=698"}],"curies":[{"name":"wp","href":"https:\/\/api.w.org\/{rel}","templated":true}]}}