{"id":718,"date":"2021-06-19T11:13:15","date_gmt":"2021-06-19T04:13:15","guid":{"rendered":"http:\/\/gcloudvn.wam.vn\/?page_id=718"},"modified":"2024-05-15T14:18:41","modified_gmt":"2024-05-15T07:18:41","slug":"dich-vu","status":"publish","type":"page","link":"https:\/\/gcloudvn.com\/en\/dich-vu\/","title":{"rendered":"Services"},"content":{"rendered":"<section class=\"wpb-content-wrapper\"><div class=\"vc_row wpb_row vc_row-fluid vc_row-o-equal-height vc_row-o-content-middle vc_row-flex\"><div class=\"wpb_column vc_column_container vc_col-sm-6\"><div class=\"vc_column-inner\"><div class=\"wpb_wrapper\"><h1 class=\"vcex-heading vcex-module wpex-text-2xl wpex-font-normal wpex-m-auto wpex-max-w-100 vcex-heading-bottom-border-w-color wpex-block wpex-text-left  wpb_animate_when_almost_visible wpb_fadeIn fadeIn wpex-border-b-2 wpex-border-solid wpex-border-gray-200\" style=\"color:#223645;font-size:22px;letter-spacing:.3px;text-transform:uppercase;\"><span class=\"vcex-heading-inner wpex-inline-block wpex-clr wpex-relative wpex-pb-5 wpex-border-b-2 wpex-border-solid wpex-border-accent\">DEPLOYMENT SERVICE \u2013 DEPLOYMENT<\/span><\/h1><div class=\"vcex-spacing wpex-w-100 wpex-clear\" style=\"height:40px\"><\/div>\n\t<div class=\"wpb_text_column wpb_content_element  wpb_animate_when_almost_visible wpb_fadeIn fadeIn\" >\n\t\t<div class=\"wpb_wrapper\">\n\t\t\t<p style=\"text-align: justify;\">When starting to use\u00a0<a href=\"https:\/\/gcloudvn.com\/en\/google-workspace\/\"><strong>Google Workspace customers<\/strong><\/a>, businesses often face difficulties in the initial configuration steps of account setup, especially when deciding to convert data from the old Email system to Google&#039;s new system. With a technical team well-trained according to Google&#039;s methodology and standards, combined with experience in deploying for thousands of customers,\u00a0<strong>Gimasys<\/strong>\u00a0introduce to businesses the deployment service package including:<\/p>\n<ul>\n<li style=\"text-align: justify;\"><em>Consulting on configuration, planning detailed deployment based on the actual needs of the business.<\/em><\/li>\n<li style=\"text-align: justify;\"><em>Make sure the conversion process takes place quickly and smoothly.<\/em><\/li>\n<li style=\"text-align: justify;\"><em>Ensure completeness and integrity of information and data.<\/em><\/li>\n<li style=\"text-align: justify;\"><em>Commit not to or minimize interruption, affecting the work of users.<\/em><\/li>\n<li style=\"text-align: justify;\"><em>Set up usage policies according to the management requirements of each business.<\/em><\/li>\n<\/ul>\n<p>For Google Workspace deployment consulting support, please contact the following information:<\/p>\n<ul>\n<li><strong>Sign up for a consultation:<\/strong>\u00a0<a href=\"https:\/\/gcloudvn.com\/en\/dang-ky-dung-thu\/\"><strong>Here<\/strong><\/a><\/li>\n<li><strong>Email:<\/strong>\u00a0gcp@gimasys.com<\/li>\n<li><strong>Phone number:<\/strong>\u00a0Hanoi: 0987 682 505, City. Ho Chi Minh: 0974 417 099<\/li>\n<\/ul>\n\n\t\t<\/div>\n\t<\/div>\n<\/div><\/div><\/div><div class=\"wpb_column vc_column_container vc_col-sm-6\"><div class=\"vc_column-inner\"><div class=\"wpb_wrapper\">\n\t<div  class=\"wpb_single_image wpb_content_element vc_align_center  wpb_animate_when_almost_visible wpb_fadeIn fadeIn\">\n\t\t\n\t\t<figure class=\"wpb_wrapper vc_figure\">\n\t\t\t<div class=\"vc_single_image-wrapper   vc_box_border_grey\"><img loading=\"lazy\" decoding=\"async\" width=\"800\" height=\"569\" src=\"https:\/\/gcloudvn.com\/wp-content\/uploads\/2021\/06\/dich-vu-trien-khai.png\" class=\"vc_single_image-img attachment-full\" alt=\"\" title=\"dich-vu-trien-khai\" srcset=\"https:\/\/gcloudvn.com\/wp-content\/uploads\/2021\/06\/dich-vu-trien-khai.png 800w, https:\/\/gcloudvn.com\/wp-content\/uploads\/2021\/06\/dich-vu-trien-khai-300x213.png 300w, https:\/\/gcloudvn.com\/wp-content\/uploads\/2021\/06\/dich-vu-trien-khai-768x546.png 768w, https:\/\/gcloudvn.com\/wp-content\/uploads\/2021\/06\/dich-vu-trien-khai-18x12.png 18w\" sizes=\"auto, (max-width: 800px) 100vw, 800px\" \/><\/div>\n\t\t<\/figure>\n\t<\/div>\n<\/div><\/div><\/div><\/div><div class=\"vc_row wpb_row vc_row-fluid vc_row-o-equal-height vc_row-o-content-middle vc_row-flex wpex-cols-right\"><div class=\"wpb_column vc_column_container vc_col-sm-6\"><div class=\"vc_column-inner\"><div class=\"wpb_wrapper\"><h1 class=\"vcex-heading vcex-module wpex-text-2xl wpex-font-normal wpex-m-auto wpex-max-w-100 vcex-heading-bottom-border-w-color wpex-block wpex-text-left  wpb_animate_when_almost_visible wpb_fadeIn fadeIn wpex-border-b-2 wpex-border-solid wpex-border-gray-200\" style=\"color:#223645;font-size:22px;letter-spacing:.3px;text-transform:uppercase;\"><span class=\"vcex-heading-inner wpex-inline-block wpex-clr wpex-relative wpex-pb-5 wpex-border-b-2 wpex-border-solid wpex-border-accent\">TRAINING SERVICES \u2013 TRAINING<\/span><\/h1><div class=\"vcex-spacing wpex-w-100 wpex-clear\" style=\"height:40px\"><\/div>\n\t<div class=\"wpb_text_column wpb_content_element  wpb_animate_when_almost_visible wpb_fadeIn fadeIn\" >\n\t\t<div class=\"wpb_wrapper\">\n\t\t\t<p style=\"text-align: justify;\"><a href=\"https:\/\/gcloudvn.com\/en\/google-workspace\/\"><strong>Google Workspace customers<\/strong><\/a>\u00a0It&#039;s not just a business email system, it&#039;s also a productivity toolkit with apps like\u00a0<em>Docs, Sheets, Slides, Forms, Hangouts, Google Sites<\/em>... helps promote the process of information transmission, sharing and collaboration among employees in the company as well as between the company and its partners.\u00a0<strong>Training Packages<\/strong> \u0111\u01b0\u1ee3c Gimasys th\u1ef1c hi\u1ec7n nh\u1eb1m gi\u00fap doanh nghi\u1ec7p t\u1ed1i \u01b0u h\u00f3a Google Workspace trong v\u1eadn h\u00e0nh, qu\u1ea3n l\u00fd h\u00e0ng ng\u00e0y:<\/p>\n<ul style=\"text-align: justify;\">\n<li><em>Administrator training: How to administer users as well as manage company system problems.<\/em><\/li>\n<li><em>End-user training: How to use all the applications in the Google Workspace package for work, make the most of the benefits that this product package brings, thereby increasing the usage rate of users.<\/em><\/li>\n<li><em>Advice on how to apply Google Workspace in changing traditional ways of working, improving productivity and efficiency, thereby increasing the return on investment (ROI).<\/em><\/li>\n<\/ul>\n<p style=\"text-align: justify;\">For Google Workspace user training consulting support, please contact the following information:<\/p>\n<ul>\n<li style=\"text-align: justify;\"><strong>Sign up for a consultation:<\/strong>\u00a0<strong><a href=\"https:\/\/gcloudvn.com\/en\/dang-ky-dung-thu\/\" target=\"_blank\" rel=\"nofollow noopener\">Here<\/a><\/strong><\/li>\n<li style=\"text-align: justify;\"><strong>Email:<\/strong>\u00a0gcp@gimasys.com<\/li>\n<li style=\"text-align: justify;\"><strong>Phone number:<\/strong>\u00a0Hanoi: 0987 682 505, City. Ho Chi Minh: 0974 417 099<\/li>\n<\/ul>\n\n\t\t<\/div>\n\t<\/div>\n<\/div><\/div><\/div><div class=\"wpb_column vc_column_container vc_col-sm-6\"><div class=\"vc_column-inner\"><div class=\"wpb_wrapper\">\n\t<div  class=\"wpb_single_image wpb_content_element vc_align_center  wpb_animate_when_almost_visible wpb_fadeIn fadeIn\">\n\t\t\n\t\t<figure class=\"wpb_wrapper vc_figure\">\n\t\t\t<div class=\"vc_single_image-wrapper vc_box_shadow_border_circle  vc_box_border_grey\"><img loading=\"lazy\" decoding=\"async\" class=\"vc_single_image-img\" src=\"https:\/\/gcloudvn.com\/wp-content\/uploads\/2021\/06\/training-600x600.jpg\" width=\"600\" height=\"600\" alt=\"training\" title=\"training\" \/><\/div>\n\t\t<\/figure>\n\t<\/div>\n<\/div><\/div><\/div><\/div><div class=\"vc_row wpb_row vc_row-fluid vc_row-o-equal-height vc_row-o-content-middle vc_row-flex\"><div class=\"wpb_column vc_column_container vc_col-sm-6\"><div class=\"vc_column-inner\"><div class=\"wpb_wrapper\"><h1 class=\"vcex-heading vcex-module wpex-text-2xl wpex-font-normal wpex-m-auto wpex-max-w-100 vcex-heading-bottom-border-w-color wpex-block wpex-text-left  wpb_animate_when_almost_visible wpb_fadeIn fadeIn wpex-border-b-2 wpex-border-solid wpex-border-gray-200\" style=\"color:#223645;font-size:22px;letter-spacing:.3px;text-transform:uppercase;\"><span class=\"vcex-heading-inner wpex-inline-block wpex-clr wpex-relative wpex-pb-5 wpex-border-b-2 wpex-border-solid wpex-border-accent\">SUPPORT SERVICE \u2013 SUPPORT<\/span><\/h1><div class=\"vcex-spacing wpex-w-100 wpex-clear\" style=\"height:40px\"><\/div>\n\t<div class=\"wpb_text_column wpb_content_element  wpb_animate_when_almost_visible wpb_fadeIn fadeIn\" >\n\t\t<div class=\"wpb_wrapper\">\n\t\t\t<p style=\"text-align: justify;\">When choosing\u00a0<a href=\"https:\/\/cloud.withgoogle.com\/partners\/detail\/?id=ACkb94ZftHYlGibjI-x2m8zfFsp0y7g2uC_ElaEXYX4WBefMsOhWpex_vwNlzyR8izl1czVenCLZ&amp;hl=en-US\" target=\"_blank\" rel=\"nofollow noopener\"><strong>Gimasys \u2013 Google Cloud Partner<\/strong><\/a>\u00a0As a partner to deploy technology solutions as well as provide technical support services, businesses will reduce opportunity costs for handling arising requests, instead can focus their time on and resources for key activities that deliver value. \u00a0<strong>Gimasys<\/strong>\u00a0confident to be the first Google partner in Vietnam to have a standard support system, fully equipped with human resources, mechanisms (Service Level Agrement) and technology, providing customers with quality services and Most professional:<\/p>\n<ul style=\"text-align: justify;\">\n<li><em>24\/7 support, receiving and responding to customer requests through four main communication channels: Online support portal, email support, phone and hotline.<\/em><\/li>\n<li><em>Consulting and supporting system administrators to handle system problems or requests arising during use.<\/em><\/li>\n<li><em>Guaranteed response time according to the priority of support service packages.<\/em><\/li>\n<li><em>The staff includes certified technical experts from Google \u2013 Google Certified Administrator, Google Certified Deployment Specialist.<\/em><\/li>\n<\/ul>\n<p style=\"text-align: justify;\">\u0110\u1ec3 \u0111\u01b0\u1ee3c t\u01b0 v\u1ea5n d\u1ecbch v\u1ee5 h\u1ed7 tr\u1ee3 Google Workspace, xin vui l\u00f2ng li\u00ean h\u1ec7 theo th\u00f4ng tin sau:<\/p>\n<ul>\n<li style=\"text-align: justify;\"><strong>Sign up for a consultation:<\/strong>\u00a0<strong><a href=\"https:\/\/gcloudvn.com\/en\/dang-ky-dung-thu\/\" target=\"_blank\" rel=\"nofollow noopener\">Here<\/a><\/strong><\/li>\n<li style=\"text-align: justify;\"><strong>Email:<\/strong>\u00a0gcp@gimasys.com<\/li>\n<li style=\"text-align: justify;\"><strong>Phone number:<\/strong>\u00a0Hanoi: 0987 682 505, City. Ho Chi Minh: 0974 417 099<\/li>\n<\/ul>\n\n\t\t<\/div>\n\t<\/div>\n<\/div><\/div><\/div><div class=\"wpb_column vc_column_container vc_col-sm-6\"><div class=\"vc_column-inner\"><div class=\"wpb_wrapper\">\n\t<div  class=\"wpb_single_image wpb_content_element vc_align_center  wpb_animate_when_almost_visible wpb_fadeIn fadeIn\">\n\t\t\n\t\t<figure class=\"wpb_wrapper vc_figure\">\n\t\t\t<div class=\"vc_single_image-wrapper vc_box_shadow_border_circle  vc_box_border_grey\"><img loading=\"lazy\" decoding=\"async\" class=\"vc_single_image-img\" src=\"https:\/\/gcloudvn.com\/wp-content\/uploads\/2021\/06\/support-600x600.jpg\" width=\"600\" height=\"600\" alt=\"support\" title=\"support\" \/><\/div>\n\t\t<\/figure>\n\t<\/div>\n<\/div><\/div><\/div><\/div><div class=\"vc_row wpb_row vc_row-fluid vc_row-o-equal-height vc_row-o-content-middle vc_row-flex wpex-cols-right\"><div class=\"wpb_column vc_column_container vc_col-sm-6\"><div class=\"vc_column-inner\"><div class=\"wpb_wrapper\"><h1 class=\"vcex-heading vcex-module wpex-text-2xl wpex-font-normal wpex-m-auto wpex-max-w-100 vcex-heading-bottom-border-w-color wpex-block wpex-text-left  wpb_animate_when_almost_visible wpb_fadeIn fadeIn wpex-border-b-2 wpex-border-solid wpex-border-gray-200\" style=\"color:#223645;font-size:22px;letter-spacing:.3px;text-transform:uppercase;\"><span class=\"vcex-heading-inner wpex-inline-block wpex-clr wpex-relative wpex-pb-5 wpex-border-b-2 wpex-border-solid wpex-border-accent\">INFORMATION SECURITY TRAINING SERVICES<\/span><\/h1><div class=\"vcex-spacing wpex-w-100 wpex-clear\" style=\"height:40px\"><\/div>\n\t<div class=\"wpb_text_column wpb_content_element  wpb_animate_when_almost_visible wpb_fadeIn fadeIn\" >\n\t\t<div class=\"wpb_wrapper\">\n\t\t\t<p style=\"text-align: justify;\"><strong>Google Workspace Security<\/strong>\u00a0is a service to improve the security of the enterprise&#039;s Google Workspace system, especially focusing on core services such as <em>Gmail, Google Drive, Google Hangouts, Google Calendar<\/em>\u2026 With Google Workspace Security, Gimasys ensures business support:<\/p>\n<ul style=\"text-align: justify;\">\n<li><em>Optimize and safely monitor the security of data stored in <a href=\"https:\/\/gcloudvn.com\/en\/google-workspace\/\">Google Workspace customers<\/a> of the business, in order to reduce risks and threats to security.<\/em><\/li>\n<li><em>Offers best security configurations on the Admin Panel as recommended by Google.<\/em><\/li>\n<li><em>Set up alerts and monitoring to proactively prevent suspicious activities.<\/em><\/li>\n<li><em>Raise the awareness and sense of information security of users, minimize the risk of data leakage of the whole company or customer information.<\/em><\/li>\n<\/ul>\n<p style=\"text-align: justify;\">For Google Workspace information security training service support, please contact the following information:<\/p>\n<ul>\n<li style=\"text-align: justify;\"><strong>Sign up for a consultation:<\/strong>\u00a0<strong><a href=\"https:\/\/gcloudvn.com\/en\/dang-ky-dung-thu\/\" target=\"_blank\" rel=\"nofollow noopener\">Here<\/a><\/strong><\/li>\n<li style=\"text-align: justify;\"><strong>Email:<\/strong>\u00a0gcp@gimasys.com<\/li>\n<li style=\"text-align: justify;\"><strong>Phone number:<\/strong>\u00a0Hanoi: 0987 682 505, City. Ho Chi Minh: 0974 417 099<\/li>\n<\/ul>\n\n\t\t<\/div>\n\t<\/div>\n<\/div><\/div><\/div><div class=\"wpb_column vc_column_container vc_col-sm-6\"><div class=\"vc_column-inner\"><div class=\"wpb_wrapper\">\n\t<div  class=\"wpb_single_image wpb_content_element vc_align_center  wpb_animate_when_almost_visible wpb_fadeIn fadeIn\">\n\t\t\n\t\t<figure class=\"wpb_wrapper vc_figure\">\n\t\t\t<div class=\"vc_single_image-wrapper vc_box_shadow_border_circle  vc_box_border_grey\"><img loading=\"lazy\" decoding=\"async\" class=\"vc_single_image-img\" src=\"https:\/\/gcloudvn.com\/wp-content\/uploads\/2021\/06\/bao-mat-thong-tin-600x600.jpg\" width=\"600\" height=\"600\" alt=\"bag-mat-thong-tin\" title=\"bag-mat-thong-tin\" \/><\/div>\n\t\t<\/figure>\n\t<\/div>\n<\/div><\/div><\/div><\/div>\n<\/section>","protected":false},"excerpt":{"rendered":"DEPLOYMENT SERVICES \u2013 DEPLOYMENT When starting to use Google Workspace, businesses often face difficulties in the initial configuration steps of account setup, especially when deciding to convert data\u2026","protected":false},"author":1,"featured_media":0,"parent":0,"menu_order":25,"comment_status":"closed","ping_status":"closed","template":"","meta":{"inline_featured_image":false,"footnotes":""},"class_list":["post-718","page","type-page","status-publish","hentry","entry","no-media"],"_links":{"self":[{"href":"https:\/\/gcloudvn.com\/en\/wp-json\/wp\/v2\/pages\/718","targetHints":{"allow":["GET"]}}],"collection":[{"href":"https:\/\/gcloudvn.com\/en\/wp-json\/wp\/v2\/pages"}],"about":[{"href":"https:\/\/gcloudvn.com\/en\/wp-json\/wp\/v2\/types\/page"}],"author":[{"embeddable":true,"href":"https:\/\/gcloudvn.com\/en\/wp-json\/wp\/v2\/users\/1"}],"replies":[{"embeddable":true,"href":"https:\/\/gcloudvn.com\/en\/wp-json\/wp\/v2\/comments?post=718"}],"version-history":[{"count":0,"href":"https:\/\/gcloudvn.com\/en\/wp-json\/wp\/v2\/pages\/718\/revisions"}],"wp:attachment":[{"href":"https:\/\/gcloudvn.com\/en\/wp-json\/wp\/v2\/media?parent=718"}],"curies":[{"name":"wp","href":"https:\/\/api.w.org\/{rel}","templated":true}]}}